{"id":10,"date":"2014-10-19T04:11:02","date_gmt":"2014-10-19T04:11:02","guid":{"rendered":"http:\/\/10.253.188.229\/\/?page_id=10"},"modified":"2026-05-04T16:20:20","modified_gmt":"2026-05-04T16:20:20","slug":"derechos-humanos","status":"publish","type":"page","link":"https:\/\/senniaf.gob.pa\/?page_id=10","title":{"rendered":"Promoci\u00f3n de Derechos"},"content":{"rendered":"<p><div class=\"fusion-fullwidth fullwidth-box fusion-builder-row-1 nonhundred-percent-fullwidth non-hundred-percent-height-scrolling\" style=\"--awb-border-radius-top-left:0px;--awb-border-radius-top-right:0px;--awb-border-radius-bottom-right:0px;--awb-border-radius-bottom-left:0px;--awb-flex-wrap:wrap;\" ><div class=\"fusion-builder-row fusion-row\"><div class=\"fusion-layout-column fusion_builder_column fusion-builder-column-0 fusion_builder_column_2_3 2_3 fusion-two-third fusion-column-first\" style=\"--awb-bg-size:cover;width:66.666666666667%;width:calc(66.666666666667% - ( ( 4% ) * 0.66666666666667 ) );margin-right: 4%;\"><div class=\"fusion-column-wrapper fusion-flex-column-wrapper-legacy\"><div class=\"fusion-title title fusion-title-1 sep-underline sep-solid fusion-title-text fusion-title-size-two\"><h2 class=\"fusion-title-heading title-heading-left\" style=\"margin:0;\">Promoci\u00f3n y Divulgaci\u00f3n de los Derechos de la Ni\u00f1ez<\/h2><\/div><div class=\"fusion-text fusion-text-1\"><p>El objetivo del departamento es promover el ejercicio del derecho a la participaci\u00f3n de ni\u00f1os, ni\u00f1as y adolescentes a nivel nacional.<\/p>\n<\/div><div class=\"fusion-title title fusion-title-2 sep-underline sep-solid fusion-title-text fusion-title-size-two\"><h2 class=\"fusion-title-heading title-heading-left\" style=\"margin:0;\">Funciones del Departamento<\/h2><\/div><ul style=\"--awb-size:16px;--awb-line-height:27.2px;--awb-icon-width:27.2px;--awb-icon-height:27.2px;--awb-icon-margin:11.2px;--awb-content-margin:38.4px;--awb-circlecolor:#1a80b6;--awb-circle-yes-font-size:14.08px;\" class=\"fusion-checklist fusion-checklist-1 fusion-checklist-default type-icons\"><li class=\"fusion-li-item\" style=\"\"><span class=\"icon-wrapper circle-yes\"><i class=\"fusion-li-icon fa-check fas\" aria-hidden=\"true\"><\/i><\/span><div class=\"fusion-li-item-content\">\n<p>Capacitar en materia de protecci\u00f3n integral a la ni\u00f1ez y la adolescencia, a los organismos del sistema de Protecci\u00f3n Integral.<\/p>\n<\/div><\/li><li class=\"fusion-li-item\" style=\"\"><span class=\"icon-wrapper circle-yes\"><i class=\"fusion-li-icon fa-check fas\" aria-hidden=\"true\"><\/i><\/span><div class=\"fusion-li-item-content\">\n<p>Ejecutar el plan estrat\u00e9gico que permita armonizar los programas de capacitaci\u00f3n y sensibilizaci\u00f3n de entidades gubernamentales y no gubernamentales, y la transversalizaci\u00f3n del enfoque de derechos en las pol\u00edticas p\u00fablicas en materia de ni\u00f1ez, adolescencia y familia.<\/p>\n<\/div><\/li><li class=\"fusion-li-item\" style=\"\"><span class=\"icon-wrapper circle-yes\"><i class=\"fusion-li-icon fa-check fas\" aria-hidden=\"true\"><\/i><\/span><div class=\"fusion-li-item-content\">\n<p>Promover la comunicaci\u00f3n social y la divulgaci\u00f3n de las investigaciones realizadas por la SENNIAF.<\/p>\n<\/div><\/li><li class=\"fusion-li-item\" style=\"\"><span class=\"icon-wrapper circle-yes\"><i class=\"fusion-li-icon fa-check fas\" aria-hidden=\"true\"><\/i><\/span><div class=\"fusion-li-item-content\">\n<p>Dise\u00f1ar recursos did\u00e1cticos relacionados a la promoci\u00f3n de los derechos de los ni\u00f1os, ni\u00f1as y adolescentes.<\/p>\n<\/div><\/li><li class=\"fusion-li-item\" style=\"\"><span class=\"icon-wrapper circle-yes\"><i class=\"fusion-li-icon fa-check fas\" aria-hidden=\"true\"><\/i><\/span><div class=\"fusion-li-item-content\">\n<p>Impulsar el fortalecimiento de capacidades para la especializaci\u00f3n de recursos humanos en materia de ni\u00f1ez, adolescencia y familia<\/p>\n<\/div><\/li><\/ul><div class=\"fusion-clearfix\"><\/div><\/div><\/div><div class=\"fusion-layout-column fusion_builder_column fusion-builder-column-1 fusion_builder_column_1_3 1_3 fusion-one-third fusion-column-last\" style=\"--awb-bg-size:cover;width:33.333333333333%;width:calc(33.333333333333% - ( ( 4% ) * 0.33333333333333 ) );\"><div class=\"fusion-column-wrapper fusion-flex-column-wrapper-legacy\"><div class=\"fusion-image-element fusion-image-align-center in-legacy-container\" style=\"text-align:center;--awb-caption-title-font-family:var(--h2_typography-font-family);--awb-caption-title-font-weight:var(--h2_typography-font-weight);--awb-caption-title-font-style:var(--h2_typography-font-style);--awb-caption-title-size:var(--h2_typography-font-size);--awb-caption-title-transform:var(--h2_typography-text-transform);--awb-caption-title-line-height:var(--h2_typography-line-height);--awb-caption-title-letter-spacing:var(--h2_typography-letter-spacing);\"><div class=\"imageframe-align-center\"><span class=\" fusion-imageframe imageframe-none imageframe-1 hover-type-none\"><img fetchpriority=\"high\" fetchpriority=\"high\" decoding=\"async\" width=\"300\" height=\"200\" src=\"https:\/\/www.senniaf.gob.pa\/wp-content\/uploads\/2020\/02\/IMG_0573-300x200.jpg\" alt class=\"img-responsive wp-image-14426\" srcset=\"https:\/\/senniaf.gob.pa\/wp-content\/uploads\/2020\/02\/IMG_0573-200x133.jpg 200w, https:\/\/senniaf.gob.pa\/wp-content\/uploads\/2020\/02\/IMG_0573-400x267.jpg 400w, https:\/\/senniaf.gob.pa\/wp-content\/uploads\/2020\/02\/IMG_0573-600x400.jpg 600w, https:\/\/senniaf.gob.pa\/wp-content\/uploads\/2020\/02\/IMG_0573-800x533.jpg 800w, https:\/\/senniaf.gob.pa\/wp-content\/uploads\/2020\/02\/IMG_0573-1200x800.jpg 1200w, https:\/\/senniaf.gob.pa\/wp-content\/uploads\/2020\/02\/IMG_0573.jpg 6000w\" sizes=\"(max-width: 800px) 100vw, 400px\" \/><\/span><\/div><\/div><div class=\"fusion-clearfix\"><\/div><\/div><\/div><\/div><\/div><div class=\"fusion-fullwidth fullwidth-box fusion-builder-row-2 nonhundred-percent-fullwidth non-hundred-percent-height-scrolling\" style=\"--awb-border-radius-top-left:0px;--awb-border-radius-top-right:0px;--awb-border-radius-bottom-right:0px;--awb-border-radius-bottom-left:0px;--awb-flex-wrap:wrap;\" ><div class=\"fusion-builder-row fusion-row\"><div class=\"fusion-layout-column fusion_builder_column fusion-builder-column-2 fusion_builder_column_1_1 1_1 fusion-one-full fusion-column-first fusion-column-last\" style=\"--awb-bg-size:cover;--awb-margin-bottom:0px;\"><div class=\"fusion-column-wrapper fusion-flex-column-wrapper-legacy\"><div class=\"fusion-title title fusion-title-3 sep-underline sep-solid fusion-title-text fusion-title-size-two\"><h2 class=\"fusion-title-heading title-heading-left\" style=\"margin:0;\">Promotores de los Derechos de la Ni\u00f1ez y Adolescencia (PRODENA)<\/h2><\/div><div class=\"fusion-text fusion-text-2\"><p><strong>Los Consejos Consultivos de Ni\u00f1ez y Adolescencia<\/strong> son un espacio de participaci\u00f3n ciudadana formado por ni\u00f1as, ni\u00f1os y adolescente entre 9 y 17 a\u00f1os.<\/p>\n<p>Su objetivo principal es la creaci\u00f3n de pol\u00edticas p\u00fablicas donde realice consultas e incidencia, representando un paso en la articulaci\u00f3n y la correlaci\u00f3n armoniosa entre el Estado y la sociedad, siendo un mecanismo de participaci\u00f3n y representaci\u00f3n del conjunto de la infancia dentro de un municipio determinado, que encuentra su fundamentaci\u00f3n m\u00e1s b\u00e1sica en la Convenci\u00f3n sobre los Derechos del Ni\u00f1o.<\/p>\n<p>Los Consejos Consultivos de Ni\u00f1ez y Adolescencia representan a Panam\u00e1 como \u201cCorresponsales Infantiles y Adolescentes\u201d (CORIA) del Instituto Interamericano del Ni\u00f1o, la Ni\u00f1a y Adolescentes (IIN) que, busca que los ni\u00f1os, ni\u00f1as y adolescentes participantes ejerzan su derecho a la libertad de expresi\u00f3n, de asociaci\u00f3n y de acceso a la informaci\u00f3n,<\/p>\n<p>La Secretar\u00eda Nacional de Ni\u00f1ez, Adolescencia y Familia propuso a trav\u00e9s la participaci\u00f3n de dos corresponsales infantiles y adolescentes de la Rep\u00fablica de Panam\u00e1, quienes forman parte de los Consejos Consultivos de Ni\u00f1ez y Adolescencia.<\/p>\n<\/div><div class=\"fusion-tabs fusion-tabs-1 classic nav-is-justified horizontal-tabs icon-position-left mobile-mode-accordion\" style=\"--awb-title-border-radius-top-left:0px;--awb-title-border-radius-top-right:0px;--awb-title-border-radius-bottom-right:0px;--awb-title-border-radius-bottom-left:0px;--awb-inactive-color:#f1f2f2;--awb-background-color:#ffffff;--awb-border-color:#ebeaea;--awb-active-border-color:#1358a0;\"><div class=\"nav\"><ul class=\"nav-tabs nav-justified\" role=\"tablist\"><li class=\"active\" role=\"presentation\"><a class=\"tab-link\" data-toggle=\"tab\" role=\"tab\" aria-controls=\"tab-bc6e0c05f99e91b4e7f\" aria-selected=\"true\" id=\"fusion-tab-objetivogeneral\" href=\"#tab-bc6e0c05f99e91b4e7f\"><h4 class=\"fusion-tab-heading\">Objetivo General<\/h4><\/a><\/li><li role=\"presentation\"><a class=\"tab-link\" data-toggle=\"tab\" role=\"tab\" aria-controls=\"tab-92ed12f028ea75e617f\" aria-selected=\"false\" tabindex=\"-1\" id=\"fusion-tab-objetivoespecifico\" href=\"#tab-92ed12f028ea75e617f\"><h4 class=\"fusion-tab-heading\">Objetivo Especifico<\/h4><\/a><\/li><\/ul><\/div><div class=\"tab-content\"><div class=\"nav fusion-mobile-tab-nav\"><ul class=\"nav-tabs nav-justified\" role=\"tablist\"><li class=\"active\" role=\"presentation\"><a class=\"tab-link\" data-toggle=\"tab\" role=\"tab\" aria-controls=\"tab-bc6e0c05f99e91b4e7f\" aria-selected=\"true\" id=\"mobile-fusion-tab-objetivogeneral\" href=\"#tab-bc6e0c05f99e91b4e7f\"><h4 class=\"fusion-tab-heading\">Objetivo General<\/h4><\/a><\/li><\/ul><\/div><div class=\"tab-pane fade fusion-clearfix in active\" role=\"tabpanel\" tabindex=\"0\" aria-labelledby=\"fusion-tab-objetivogeneral\" id=\"tab-bc6e0c05f99e91b4e7f\">\n<p>Garantizar el derecho a la participaci\u00f3n de ni\u00f1os, ni\u00f1as y adolescentes como garant\u00eda que el Estado brinda para la construcci\u00f3n de la ciudadan\u00eda y el fortalecimiento de la democracia.<\/p>\n<\/div><div class=\"nav fusion-mobile-tab-nav\"><ul class=\"nav-tabs nav-justified\" role=\"tablist\"><li role=\"presentation\"><a class=\"tab-link\" data-toggle=\"tab\" role=\"tab\" aria-controls=\"tab-92ed12f028ea75e617f\" aria-selected=\"false\" tabindex=\"-1\" id=\"mobile-fusion-tab-objetivoespecifico\" href=\"#tab-92ed12f028ea75e617f\"><h4 class=\"fusion-tab-heading\">Objetivo Especifico<\/h4><\/a><\/li><\/ul><\/div><div class=\"tab-pane fade fusion-clearfix\" role=\"tabpanel\" tabindex=\"0\" aria-labelledby=\"fusion-tab-objetivoespecifico\" id=\"tab-92ed12f028ea75e617f\">\n<p>Reafirmar el compromiso del Estado Paname\u00f1o con la Convenci\u00f3n sobre los Derechos del Ni\u00f1o de crear los espacios necesarios para que los ni\u00f1os, ni\u00f1as y adolescentes tengan la oportunidad de asociarse, organizarse y expresarse.<\/p>\n<ul>\n<li>Potenciar la creatividad e imaginaci\u00f3n de los ni\u00f1os y ni\u00f1as a trav\u00e9s de actividades colaterales.<\/li>\n<li>Fomentar la responsabilidad y los valores en ni\u00f1os y ni\u00f1as<\/li>\n<li>Dar valor a la voz de los ni\u00f1os y ni\u00f1as y concretar de una manera visible su consideraci\u00f3n de ciudadanos y ciudadanas con plena capacidad de opini\u00f3n y expresi\u00f3n<\/li>\n<li>Educar mediante un aprendizaje a trav\u00e9s de la participaci\u00f3n. Promover en los ni\u00f1os y ni\u00f1as un sentimiento de pertenencia y de corresponsabilidad con respecto a su comunidad, su familia y su escuela, promovido por una mayor informaci\u00f3n y conocimientos.<\/li>\n<\/ul>\n<\/div><\/div><\/div><div class=\"fusion-text fusion-text-3\"><h2>Quieres ser Parte de Consejo Consultivo de Ni\u00f1ez y Adolescencia\u2026 llena el formulario<\/h2>\n<p><strong>\u00a0<\/strong>Instrucciones: Este formulario debe ser completado por el ni\u00f1o, ni\u00f1a o adolescente (NNA) interesado, con la debida autorizaci\u00f3n y firma de sus padres o tutores legales.<\/p>\n<\/div>\n<div class=\"wpcf7 no-js\" id=\"wpcf7-f23192-o1\" lang=\"es-ES\" dir=\"ltr\" data-wpcf7-id=\"23192\">\n<div class=\"screen-reader-response\"><p role=\"status\" aria-live=\"polite\" aria-atomic=\"true\"><\/p> <ul><\/ul><\/div>\n<form action=\"\/index.php?rest_route=%2Fwp%2Fv2%2Fpages%2F10#wpcf7-f23192-o1\" method=\"post\" class=\"wpcf7-form init\" aria-label=\"Formulario de contacto\" novalidate=\"novalidate\" data-status=\"init\">\n<div style=\"display: none;\">\n<input type=\"hidden\" name=\"_wpcf7\" value=\"23192\" \/>\n<input type=\"hidden\" name=\"_wpcf7_version\" value=\"6.0.6\" \/>\n<input type=\"hidden\" name=\"_wpcf7_locale\" value=\"es_ES\" \/>\n<input type=\"hidden\" name=\"_wpcf7_unit_tag\" value=\"wpcf7-f23192-o1\" \/>\n<input type=\"hidden\" name=\"_wpcf7_container_post\" value=\"0\" \/>\n<input type=\"hidden\" name=\"_wpcf7_posted_data_hash\" value=\"\" \/>\n<\/div>\n<p><strong>1. Datos del Ni\u00f1o, Ni\u00f1a o Adolescente (NNA)<\/strong>\n<\/p>\n<p><label>Nombres y Apellidos Completos<\/label><br \/>\n<span class=\"wpcf7-form-control-wrap\" data-name=\"nombre\"><input size=\"40\" maxlength=\"400\" class=\"wpcf7-form-control wpcf7-text wpcf7-validates-as-required\" aria-required=\"true\" aria-invalid=\"false\" value=\"\" type=\"text\" name=\"nombre\" \/><\/span>\n<\/p>\n<p><label>Edad<\/label><br \/>\n<span class=\"wpcf7-form-control-wrap\" data-name=\"edad\"><input class=\"wpcf7-form-control wpcf7-number wpcf7-validates-as-required wpcf7-validates-as-number\" aria-required=\"true\" aria-invalid=\"false\" value=\"\" type=\"number\" name=\"edad\" \/><\/span>\n<\/p>\n<p><label>N\u00famero de Tel\u00e9fono<\/label><br \/>\n<span class=\"wpcf7-form-control-wrap\" data-name=\"telefono\"><input size=\"40\" maxlength=\"400\" class=\"wpcf7-form-control wpcf7-tel wpcf7-validates-as-required wpcf7-text wpcf7-validates-as-tel\" aria-required=\"true\" aria-invalid=\"false\" value=\"\" type=\"tel\" name=\"telefono\" \/><\/span>\n<\/p>\n<p><label>Direcci\u00f3n Residencial Exacta<\/label><br \/>\n<span class=\"wpcf7-form-control-wrap\" data-name=\"direccion\"><input size=\"40\" maxlength=\"400\" class=\"wpcf7-form-control wpcf7-text wpcf7-validates-as-required\" aria-required=\"true\" aria-invalid=\"false\" value=\"\" type=\"text\" name=\"direccion\" \/><\/span>\n<\/p>\n<p><strong>2. Datos de los Padres o Tutores Legales<\/strong>\n<\/p>\n<p><label>Nombre Completo del Padre\/Tutor<\/label><br \/>\n<span class=\"wpcf7-form-control-wrap\" data-name=\"padre\"><input size=\"40\" maxlength=\"400\" class=\"wpcf7-form-control wpcf7-text wpcf7-validates-as-required\" aria-required=\"true\" aria-invalid=\"false\" value=\"\" type=\"text\" name=\"padre\" \/><\/span>\n<\/p>\n<p><label>Tel\u00e9fono<\/label><br \/>\n<span class=\"wpcf7-form-control-wrap\" data-name=\"tel_padre\"><input size=\"40\" maxlength=\"400\" class=\"wpcf7-form-control wpcf7-tel wpcf7-validates-as-required wpcf7-text wpcf7-validates-as-tel\" aria-required=\"true\" aria-invalid=\"false\" value=\"\" type=\"tel\" name=\"tel_padre\" \/><\/span>\n<\/p>\n<p><label>Nombre Completo de la Madre\/Tutora<\/label><br \/>\n<span class=\"wpcf7-form-control-wrap\" data-name=\"madre\"><input size=\"40\" maxlength=\"400\" class=\"wpcf7-form-control wpcf7-text\" aria-invalid=\"false\" value=\"\" type=\"text\" name=\"madre\" \/><\/span>\n<\/p>\n<p><label>Tel\u00e9fono<\/label><br \/>\n<span class=\"wpcf7-form-control-wrap\" data-name=\"tel_madre\"><input size=\"40\" maxlength=\"400\" class=\"wpcf7-form-control wpcf7-tel wpcf7-text wpcf7-validates-as-tel\" aria-invalid=\"false\" value=\"\" type=\"tel\" name=\"tel_madre\" \/><\/span>\n<\/p>\n<p><strong>3. Carta de Motivaci\u00f3n<\/strong>\n<\/p>\n<p><label>\u00bfPor qu\u00e9 te interesa participar?<\/label><br \/>\n<span class=\"wpcf7-form-control-wrap\" data-name=\"motivacion\"><textarea cols=\"40\" rows=\"10\" maxlength=\"2000\" class=\"wpcf7-form-control wpcf7-textarea wpcf7-validates-as-required\" aria-required=\"true\" aria-invalid=\"false\" name=\"motivacion\"><\/textarea><\/span>\n<\/p>\n<p><strong>4. Autorizaci\u00f3n de Padres o Tutores<\/strong>\n<\/p>\n<p><label>Nombre del padre\/madre\/tutor que autoriza<\/label><br \/>\n<span class=\"wpcf7-form-control-wrap\" data-name=\"autorizante\"><input size=\"40\" maxlength=\"400\" class=\"wpcf7-form-control wpcf7-text wpcf7-validates-as-required\" aria-required=\"true\" aria-invalid=\"false\" value=\"\" type=\"text\" name=\"autorizante\" \/><\/span>\n<\/p>\n<p><label>C\u00e9dula de identidad<\/label><br \/>\n<span class=\"wpcf7-form-control-wrap\" data-name=\"cedula\"><input size=\"40\" maxlength=\"400\" class=\"wpcf7-form-control wpcf7-text wpcf7-validates-as-required\" aria-required=\"true\" aria-invalid=\"false\" value=\"\" type=\"text\" name=\"cedula\" \/><\/span>\n<\/p>\n<p>[acceptaci\u00f3n o consentimiento]<br \/>\nDeclaro que autorizo la participaci\u00f3n del menor en el proceso de postulaci\u00f3n.<br \/>\n[\/acceptance]\n<\/p>\n<p><label>Fecha<\/label><br \/>\n<span class=\"wpcf7-form-control-wrap\" data-name=\"fecha\"><input class=\"wpcf7-form-control wpcf7-date wpcf7-validates-as-required wpcf7-validates-as-date\" aria-required=\"true\" aria-invalid=\"false\" value=\"\" type=\"date\" name=\"fecha\" \/><\/span>\n<\/p>\n<p><input class=\"wpcf7-form-control wpcf7-submit has-spinner\" type=\"submit\" value=\"Enviar Postulaci\u00f3n\" \/>\n<\/p><div class=\"fusion-alert alert custom alert-custom fusion-alert-center wpcf7-response-output fusion-alert-capitalize awb-alert-native-link-color alert-dismissable awb-alert-close-boxed\" style=\"--awb-border-top-left-radius:0px;--awb-border-top-right-radius:0px;--awb-border-bottom-left-radius:0px;--awb-border-bottom-right-radius:0px;\" role=\"alert\"><div class=\"fusion-alert-content-wrapper\"><span class=\"fusion-alert-content\"><\/span><\/div><button type=\"button\" class=\"close toggle-alert\" data-dismiss=\"alert\" aria-label=\"Close\">&times;<\/button><\/div>\n<\/form>\n<\/div>\n<div class=\"fusion-clearfix\"><\/div><\/div><\/div><\/div><\/div><div class=\"fusion-fullwidth fullwidth-box fusion-builder-row-3 fusion-flex-container nonhundred-percent-fullwidth non-hundred-percent-height-scrolling\" style=\"--awb-border-radius-top-left:0px;--awb-border-radius-top-right:0px;--awb-border-radius-bottom-right:0px;--awb-border-radius-bottom-left:0px;--awb-flex-wrap:wrap;\" ><div class=\"fusion-builder-row fusion-row fusion-flex-align-items-flex-start fusion-flex-content-wrap\" style=\"max-width:1206.4px;margin-left: calc(-4% \/ 2 );margin-right: calc(-4% \/ 2 );\"><div class=\"fusion-layout-column fusion_builder_column fusion-builder-column-3 fusion_builder_column_1_1 1_1 fusion-flex-column\" style=\"--awb-bg-size:cover;--awb-width-large:100%;--awb-margin-top-large:0px;--awb-spacing-right-large:1.92%;--awb-margin-bottom-large:0px;--awb-spacing-left-large:1.92%;--awb-width-medium:100%;--awb-spacing-right-medium:1.92%;--awb-spacing-left-medium:1.92%;--awb-width-small:100%;--awb-spacing-right-small:1.92%;--awb-spacing-left-small:1.92%;\"><div class=\"fusion-column-wrapper fusion-flex-justify-content-flex-start fusion-content-layout-column\"><div class=\"fusion-text fusion-text-4\"><p><script src=' ' type='text\/javascript'><\/script><\/p>\n<\/div><\/div><\/div><\/div><\/div><\/p>\n","protected":false},"excerpt":{"rendered":"","protected":false},"author":1,"featured_media":10298,"parent":0,"menu_order":1,"comment_status":"closed","ping_status":"closed","template":"","meta":{"_exactmetrics_skip_tracking":false,"_exactmetrics_sitenote_active":false,"_exactmetrics_sitenote_note":"","_exactmetrics_sitenote_category":0,"_monsterinsights_skip_tracking":false,"_monsterinsights_sitenote_active":false,"_monsterinsights_sitenote_note":"","_monsterinsights_sitenote_category":0,"footnotes":""},"class_list":["post-10","page","type-page","status-publish","has-post-thumbnail","hentry"],"aioseo_notices":[],"_links":{"self":[{"href":"https:\/\/senniaf.gob.pa\/index.php?rest_route=\/wp\/v2\/pages\/10","targetHints":{"allow":["GET"]}}],"collection":[{"href":"https:\/\/senniaf.gob.pa\/index.php?rest_route=\/wp\/v2\/pages"}],"about":[{"href":"https:\/\/senniaf.gob.pa\/index.php?rest_route=\/wp\/v2\/types\/page"}],"author":[{"embeddable":true,"href":"https:\/\/senniaf.gob.pa\/index.php?rest_route=\/wp\/v2\/users\/1"}],"replies":[{"embeddable":true,"href":"https:\/\/senniaf.gob.pa\/index.php?rest_route=%2Fwp%2Fv2%2Fcomments&post=10"}],"version-history":[{"count":17,"href":"https:\/\/senniaf.gob.pa\/index.php?rest_route=\/wp\/v2\/pages\/10\/revisions"}],"predecessor-version":[{"id":23197,"href":"https:\/\/senniaf.gob.pa\/index.php?rest_route=\/wp\/v2\/pages\/10\/revisions\/23197"}],"wp:featuredmedia":[{"embeddable":true,"href":"https:\/\/senniaf.gob.pa\/index.php?rest_route=\/wp\/v2\/media\/10298"}],"wp:attachment":[{"href":"https:\/\/senniaf.gob.pa\/index.php?rest_route=%2Fwp%2Fv2%2Fmedia&parent=10"}],"curies":[{"name":"wp","href":"https:\/\/api.w.org\/{rel}","templated":true}]}}