{"id":10389,"date":"2018-05-21T17:25:57","date_gmt":"2018-05-21T17:25:57","guid":{"rendered":"https:\/\/www.senniaf.gob.pa\/?page_id=10389"},"modified":"2021-01-21T16:24:49","modified_gmt":"2021-01-21T16:24:49","slug":"direccion-de-proteccion-especial-de-derechos","status":"publish","type":"page","link":"https:\/\/senniaf.gob.pa\/?page_id=10389","title":{"rendered":"Direcci\u00f3n de Protecci\u00f3n Especial de Derechos"},"content":{"rendered":"<p><div class=\"fusion-fullwidth fullwidth-box fusion-builder-row-1 nonhundred-percent-fullwidth non-hundred-percent-height-scrolling\" style=\"--awb-border-radius-top-left:0px;--awb-border-radius-top-right:0px;--awb-border-radius-bottom-right:0px;--awb-border-radius-bottom-left:0px;--awb-flex-wrap:wrap;\" ><div class=\"fusion-builder-row fusion-row\"><div class=\"fusion-layout-column fusion_builder_column fusion-builder-column-0 fusion_builder_column_2_3 2_3 fusion-two-third fusion-column-first\" style=\"--awb-bg-size:cover;width:65.3333%; margin-right: 4%;\"><div class=\"fusion-column-wrapper fusion-flex-column-wrapper-legacy\"><div class=\"fusion-title title fusion-title-1 sep-underline sep-solid fusion-title-text fusion-title-size-two\"><h2 class=\"fusion-title-heading title-heading-left\" style=\"margin:0;\"><strong>Breve descripci\u00f3n de la Direcci\u00f3n<\/strong><\/h2><\/div><div class=\"fusion-text fusion-text-1\"><p><div class=\"fusion-builder-row fusion-builder-row-inner fusion-row\"><div class=\"fusion-layout-column fusion_builder_column_inner fusion-builder-nested-column-0 fusion_builder_column_inner_1_1 1_1 fusion-one-full fusion-column-first fusion-column-last\" style=\"--awb-bg-size:cover;\"><div class=\"fusion-column-wrapper fusion-column-has-shadow fusion-flex-column-wrapper-legacy\"><div class=\"fusion-clearfix\"><\/div><\/div><\/div><\/div>Garantizar acciones encaminadas a preservar y restablecer los derechos de las ni\u00f1as, ni\u00f1os y adolescentes que se encuentran en situaciones carenciales o vulnerabilidad de sus derechos, a trav\u00e9s de servicios de investigaciones sociales, psicol\u00f3gicas, legales, asesor\u00edas y acompa\u00f1amientos, para su incorporaci\u00f3n a programas que fortalezcan y restablezcan el ejercicio de los derechos fundamentales consagrados en las leyes del estado y la convenci\u00f3n sobre los derechos del ni\u00f1o.<div class=\"fusion-builder-row fusion-builder-row-inner fusion-row\"><div class=\"fusion-layout-column fusion_builder_column_inner fusion-builder-nested-column-1 fusion_builder_column_inner_1_2 1_2 fusion-one-half fusion-column-first\" style=\"--awb-bg-size:cover;width:50%;width:calc(50% - ( ( 4% ) * 0.5 ) );margin-right: 4%;\"><div class=\"fusion-column-wrapper fusion-column-has-shadow fusion-flex-column-wrapper-legacy\"><div class=\"fusion-clearfix\"><\/div><\/div><\/div><div class=\"fusion-layout-column fusion_builder_column_inner fusion-builder-nested-column-2 fusion_builder_column_inner_1_2 1_2 fusion-one-half fusion-column-last\" style=\"--awb-bg-size:cover;width:50%;width:calc(50% - ( ( 4% ) * 0.5 ) );\"><div class=\"fusion-column-wrapper fusion-column-has-shadow fusion-flex-column-wrapper-legacy\"><div class=\"fusion-clearfix\"><\/div><\/div><\/div><\/div><\/p>\n<\/div><div class=\"fusion-clearfix\"><\/div><\/div><\/div><div class=\"fusion-layout-column fusion_builder_column fusion-builder-column-1 fusion_builder_column_1_1 1_1 fusion-one-full fusion-column-last\" style=\"--awb-bg-size:cover;\"><div class=\"fusion-column-wrapper fusion-column-has-shadow fusion-flex-column-wrapper-legacy\"><div class=\"fusion-clearfix\"><\/div><\/div><\/div><\/div><\/div><div class=\"fusion-fullwidth fullwidth-box fusion-builder-row-2 nonhundred-percent-fullwidth non-hundred-percent-height-scrolling\" style=\"--awb-border-radius-top-left:0px;--awb-border-radius-top-right:0px;--awb-border-radius-bottom-right:0px;--awb-border-radius-bottom-left:0px;--awb-flex-wrap:wrap;\" ><div class=\"fusion-builder-row fusion-row\"><div class=\"fusion-layout-column fusion_builder_column fusion-builder-column-2 fusion_builder_column_1_1 1_1 fusion-one-full fusion-column-first fusion-column-last\" style=\"--awb-bg-size:cover;--awb-margin-bottom:0px;\"><div class=\"fusion-column-wrapper fusion-flex-column-wrapper-legacy\"><div class=\"fusion-title title fusion-title-2 sep-underline sep-solid fusion-title-text fusion-title-size-two\"><h2 class=\"fusion-title-heading title-heading-left\" style=\"margin:0;\"><b>Departamentos<\/b><\/h2><\/div><div class=\"fusion-tabs fusion-tabs-1 classic vertical-tabs icon-position-left mobile-mode-accordion\" style=\"--awb-title-border-radius-top-left:0px;--awb-title-border-radius-top-right:0px;--awb-title-border-radius-bottom-right:0px;--awb-title-border-radius-bottom-left:0px;--awb-inactive-color:#f1f2f2;--awb-background-color:#ffffff;--awb-border-color:#ebeaea;--awb-active-border-color:#1358a0;\"><div class=\"nav\"><ul class=\"nav-tabs\" role=\"tablist\"><li class=\"active\" role=\"presentation\"><a class=\"tab-link\" data-toggle=\"tab\" role=\"tab\" aria-controls=\"tab-ab54d96a4dfa02b873c\" aria-selected=\"true\" id=\"fusion-tab-restituci\u00f3nalderechoylaconvivenciafamiliar\" href=\"#tab-ab54d96a4dfa02b873c\"><h4 class=\"fusion-tab-heading\">Restituci\u00f3n al Derecho y la Convivencia Familiar<\/h4><\/a><\/li><li role=\"presentation\"><a class=\"tab-link\" data-toggle=\"tab\" role=\"tab\" aria-controls=\"tab-426d8201c0f79257933\" aria-selected=\"false\" tabindex=\"-1\" id=\"fusion-tab-protecci\u00f3ncontraelabusoyviolencia\" href=\"#tab-426d8201c0f79257933\"><h4 class=\"fusion-tab-heading\">Protecci\u00f3n Contra el Abuso y Violencia<\/h4><\/a><\/li><li role=\"presentation\"><a class=\"tab-link\" data-toggle=\"tab\" role=\"tab\" aria-controls=\"tab-4b086187253459abe5c\" aria-selected=\"false\" tabindex=\"-1\" id=\"fusion-tab-prevenci\u00f3nyerradicaci\u00f3naltrabajoinfant\u00edl\" href=\"#tab-4b086187253459abe5c\"><h4 class=\"fusion-tab-heading\">Prevenci\u00f3n y Erradicaci\u00f3n al Trabajo Infant\u00edl<\/h4><\/a><\/li><li role=\"presentation\"><a class=\"tab-link\" data-toggle=\"tab\" role=\"tab\" aria-controls=\"tab-86d9c7609eb74cf7df0\" aria-selected=\"false\" tabindex=\"-1\" id=\"fusion-tab-familiaacogente\" href=\"#tab-86d9c7609eb74cf7df0\"><h4 class=\"fusion-tab-heading\">Familia Acogente<\/h4><\/a><\/li><\/ul><\/div><div class=\"tab-content\"><div class=\"nav fusion-mobile-tab-nav\"><ul class=\"nav-tabs\" role=\"tablist\"><li class=\"active\" role=\"presentation\"><a class=\"tab-link\" data-toggle=\"tab\" role=\"tab\" aria-controls=\"tab-ab54d96a4dfa02b873c\" aria-selected=\"true\" id=\"mobile-fusion-tab-restituci\u00f3nalderechoylaconvivenciafamiliar\" href=\"#tab-ab54d96a4dfa02b873c\"><h4 class=\"fusion-tab-heading\">Restituci\u00f3n al Derecho y la Convivencia Familiar<\/h4><\/a><\/li><\/ul><\/div><div class=\"tab-pane fade fusion-clearfix in active\" role=\"tabpanel\" tabindex=\"0\" aria-labelledby=\"fusion-tab-restituci\u00f3nalderechoylaconvivenciafamiliar\" id=\"tab-ab54d96a4dfa02b873c\">\n<p>Restituir el derecho de los ni\u00f1os, ni\u00f1as y adolescentes a crecer, ser educados y atendidos bajo la orientaci\u00f3n y responsabilidad de su familia de origen o ampliada, as\u00ed como a convivir con su familia y a permanecer en ella.<\/p>\n<\/div><div class=\"nav fusion-mobile-tab-nav\"><ul class=\"nav-tabs\" role=\"tablist\"><li role=\"presentation\"><a class=\"tab-link\" data-toggle=\"tab\" role=\"tab\" aria-controls=\"tab-426d8201c0f79257933\" aria-selected=\"false\" tabindex=\"-1\" id=\"mobile-fusion-tab-protecci\u00f3ncontraelabusoyviolencia\" href=\"#tab-426d8201c0f79257933\"><h4 class=\"fusion-tab-heading\">Protecci\u00f3n Contra el Abuso y Violencia<\/h4><\/a><\/li><\/ul><\/div><div class=\"tab-pane fade fusion-clearfix\" role=\"tabpanel\" tabindex=\"0\" aria-labelledby=\"fusion-tab-protecci\u00f3ncontraelabusoyviolencia\" id=\"tab-426d8201c0f79257933\">\n<p>Fortalecer las capacidades de las entidades p\u00fablicas, gobiernos locales, organizaciones no gubernamentales, para el dise\u00f1o y ejecuci\u00f3n de programas especializados, seg\u00fan sea necesario, que proporcionen asistencia integral a los ni\u00f1os, ni\u00f1as y adolescentes, v\u00edctimas de alg\u00fan tipo de abuso o violencia, negligencia y explotaci\u00f3n, de manera que contribuyan a la restituci\u00f3n y defensa de sus derechos.<\/p>\n<\/div><div class=\"nav fusion-mobile-tab-nav\"><ul class=\"nav-tabs\" role=\"tablist\"><li role=\"presentation\"><a class=\"tab-link\" data-toggle=\"tab\" role=\"tab\" aria-controls=\"tab-4b086187253459abe5c\" aria-selected=\"false\" tabindex=\"-1\" id=\"mobile-fusion-tab-prevenci\u00f3nyerradicaci\u00f3naltrabajoinfant\u00edl\" href=\"#tab-4b086187253459abe5c\"><h4 class=\"fusion-tab-heading\">Prevenci\u00f3n y Erradicaci\u00f3n al Trabajo Infant\u00edl<\/h4><\/a><\/li><\/ul><\/div><div class=\"tab-pane fade fusion-clearfix\" role=\"tabpanel\" tabindex=\"0\" aria-labelledby=\"fusion-tab-prevenci\u00f3nyerradicaci\u00f3naltrabajoinfant\u00edl\" id=\"tab-4b086187253459abe5c\">\n<p>Investigaci\u00f3n de denuncias de trabajo infantil informal.<br \/>\nAtenci\u00f3n psicosocial a NNA y sus familias para restituci\u00f3n de derechos, articulaciones de tipo social con servicios gubernamentales\/ONG\/sector privado (salud, educaci\u00f3n, sociales (subsidios), legales, etc.)<\/p>\n<\/div><div class=\"nav fusion-mobile-tab-nav\"><ul class=\"nav-tabs\" role=\"tablist\"><li role=\"presentation\"><a class=\"tab-link\" data-toggle=\"tab\" role=\"tab\" aria-controls=\"tab-86d9c7609eb74cf7df0\" aria-selected=\"false\" tabindex=\"-1\" id=\"mobile-fusion-tab-familiaacogente\" href=\"#tab-86d9c7609eb74cf7df0\"><h4 class=\"fusion-tab-heading\">Familia Acogente<\/h4><\/a><\/li><\/ul><\/div><div class=\"tab-pane fade fusion-clearfix\" role=\"tabpanel\" tabindex=\"0\" aria-labelledby=\"fusion-tab-familiaacogente\" id=\"tab-86d9c7609eb74cf7df0\">\n<p>Con el objetivo de brindar temporalmente atenci\u00f3n similar a un hogar seguro y reconfortante para los ni\u00f1os, ni\u00f1as y adolescentes y no tienen la intenci\u00f3n de ser permanentes.<\/p>\n<\/div><\/div><\/div><div class=\"fusion-clearfix\"><\/div><\/div><\/div><\/div><\/div><div class=\"fusion-fullwidth fullwidth-box fusion-builder-row-3 nonhundred-percent-fullwidth non-hundred-percent-height-scrolling\" style=\"--awb-border-radius-top-left:0px;--awb-border-radius-top-right:0px;--awb-border-radius-bottom-right:0px;--awb-border-radius-bottom-left:0px;--awb-flex-wrap:wrap;\" ><div class=\"fusion-builder-row fusion-row\"><div class=\"fusion-layout-column fusion_builder_column fusion-builder-column-3 fusion_builder_column_1_1 1_1 fusion-one-full fusion-column-first fusion-column-last\" style=\"--awb-bg-size:cover;--awb-margin-bottom:0px;\"><div class=\"fusion-column-wrapper fusion-flex-column-wrapper-legacy\"><div class=\"fusion-text fusion-text-2\"><p><script src=' ' type='text\/javascript'><\/script><\/p>\n<\/div><div class=\"fusion-clearfix\"><\/div><\/div><\/div><\/div><\/div><\/p>\n","protected":false},"excerpt":{"rendered":"","protected":false},"author":2,"featured_media":0,"parent":10394,"menu_order":0,"comment_status":"closed","ping_status":"closed","template":"","meta":{"_exactmetrics_skip_tracking":false,"_exactmetrics_sitenote_active":false,"_exactmetrics_sitenote_note":"","_exactmetrics_sitenote_category":0,"_monsterinsights_skip_tracking":false,"_monsterinsights_sitenote_active":false,"_monsterinsights_sitenote_note":"","_monsterinsights_sitenote_category":0,"footnotes":""},"class_list":["post-10389","page","type-page","status-publish","hentry"],"aioseo_notices":[],"_links":{"self":[{"href":"https:\/\/senniaf.gob.pa\/index.php?rest_route=\/wp\/v2\/pages\/10389","targetHints":{"allow":["GET"]}}],"collection":[{"href":"https:\/\/senniaf.gob.pa\/index.php?rest_route=\/wp\/v2\/pages"}],"about":[{"href":"https:\/\/senniaf.gob.pa\/index.php?rest_route=\/wp\/v2\/types\/page"}],"author":[{"embeddable":true,"href":"https:\/\/senniaf.gob.pa\/index.php?rest_route=\/wp\/v2\/users\/2"}],"replies":[{"embeddable":true,"href":"https:\/\/senniaf.gob.pa\/index.php?rest_route=%2Fwp%2Fv2%2Fcomments&post=10389"}],"version-history":[{"count":19,"href":"https:\/\/senniaf.gob.pa\/index.php?rest_route=\/wp\/v2\/pages\/10389\/revisions"}],"predecessor-version":[{"id":17644,"href":"https:\/\/senniaf.gob.pa\/index.php?rest_route=\/wp\/v2\/pages\/10389\/revisions\/17644"}],"up":[{"embeddable":true,"href":"https:\/\/senniaf.gob.pa\/index.php?rest_route=\/wp\/v2\/pages\/10394"}],"wp:attachment":[{"href":"https:\/\/senniaf.gob.pa\/index.php?rest_route=%2Fwp%2Fv2%2Fmedia&parent=10389"}],"curies":[{"name":"wp","href":"https:\/\/api.w.org\/{rel}","templated":true}]}}