{"id":15966,"date":"2020-05-15T11:59:51","date_gmt":"2020-05-15T11:59:51","guid":{"rendered":"https:\/\/www.senniaf.gob.pa\/?page_id=15966"},"modified":"2026-04-09T18:29:09","modified_gmt":"2026-04-09T18:29:09","slug":"libro-de-ana","status":"publish","type":"page","link":"https:\/\/senniaf.gob.pa\/?page_id=15966","title":{"rendered":"Libro de Ana"},"content":{"rendered":"<h3 style=\"text-align: center;\"><span style=\"color: #000000;\"><strong>Prevenci\u00f3n de la violencia sexual contra ni\u00f1os, ni\u00f1as y adolescentes.<\/strong><\/span><\/h3>\n<h4 style=\"text-align: justify;\">En el marco de la respuesta COVID-19 se lanz\u00f3 este libro y la gu\u00eda para padres, con el objetivo de facilitar a las familias el acceso a recursos de apoyo para la protecci\u00f3n de los ni\u00f1os y ni\u00f1as, haci\u00e9ndolo disponible para descargar desde esta p\u00e1gina web.<\/h4>\n<h4 style=\"text-align: justify;\">Con el fin de prevenir la violencia sexual contra los ni\u00f1os, ni\u00f1as y adolescentes, la Senniaf en coordinaci\u00f3n con el Minsa, Meduca, Inamu, \u00d3rgano Judicial, Defensor\u00eda del Pueblo, Unfpa y la sociedad civil, se desarroll\u00f3 la versi\u00f3n digital del libro de colorear del Libro de Ana. Este Libro presenta su contenido a trav\u00e9s de 8 escenarios que permiten a los ni\u00f1os y ni\u00f1as identificar situaciones de riesgo y peligro ante el abuso sexual, c\u00f3mo actuar ante posibles riesgos y la importancia de no quedarse callados para evitar y detener posibles situaciones de abuso.<\/h4>\n<p><img fetchpriority=\"high\" decoding=\"async\" class=\" wp-image-15917 aligncenter\" src=\"https:\/\/www.senniaf.gob.pa\/wp-content\/uploads\/2020\/05\/IMG_7777.jpg\" alt=\"\" width=\"397\" height=\"534\" srcset=\"https:\/\/senniaf.gob.pa\/wp-content\/uploads\/2020\/05\/IMG_7777-200x269.jpg 200w, https:\/\/senniaf.gob.pa\/wp-content\/uploads\/2020\/05\/IMG_7777-223x300.jpg 223w, https:\/\/senniaf.gob.pa\/wp-content\/uploads\/2020\/05\/IMG_7777-400x538.jpg 400w, https:\/\/senniaf.gob.pa\/wp-content\/uploads\/2020\/05\/IMG_7777-600x807.jpg 600w, https:\/\/senniaf.gob.pa\/wp-content\/uploads\/2020\/05\/IMG_7777.jpg 626w\" sizes=\"(max-width: 397px) 100vw, 397px\" \/><\/p>\n<h4 style=\"text-align: center;\"><strong><span style=\"color: #000000;\">Descarga Aqui &#8212;&gt;<\/span> <a href=\"https:\/\/senniaf.gob.pa\/wp-content\/plugins\/download-attachments\/includes\/download.php?id=15914\" attachment_id=\"15914\" title=\"Gu\u00eda metodol\u00f3gica libro de Ana\" class=\"da-download-link da-download-attachment-15914\" target=\"_self\">Gu\u00eda metodol\u00f3gica libro de Ana<\/a><\/strong><\/h4>\n<p>&nbsp;<\/p>\n<h3 style=\"text-align: left;\"><span style=\"text-decoration: underline; color: #000000;\">El Libro de Ana para colorear<\/span><\/h3>\n<p><img decoding=\"async\" class=\" wp-image-15923 aligncenter\" src=\"https:\/\/www.senniaf.gob.pa\/wp-content\/uploads\/2020\/05\/IMG_7780.jpg\" alt=\"\" width=\"410\" height=\"544\" srcset=\"https:\/\/senniaf.gob.pa\/wp-content\/uploads\/2020\/05\/IMG_7780-200x265.jpg 200w, https:\/\/senniaf.gob.pa\/wp-content\/uploads\/2020\/05\/IMG_7780-226x300.jpg 226w, https:\/\/senniaf.gob.pa\/wp-content\/uploads\/2020\/05\/IMG_7780-400x530.jpg 400w, https:\/\/senniaf.gob.pa\/wp-content\/uploads\/2020\/05\/IMG_7780-600x795.jpg 600w, https:\/\/senniaf.gob.pa\/wp-content\/uploads\/2020\/05\/IMG_7780.jpg 624w\" sizes=\"(max-width: 410px) 100vw, 410px\" \/><\/p>\n<h4 style=\"text-align: center;\"><strong>Descarga aqui\u00a0 &#8212;&gt; <a href=\"https:\/\/senniaf.gob.pa\/wp-content\/plugins\/download-attachments\/includes\/download.php?id=15921\" attachment_id=\"15921\" title=\"Libro de colorear de Ana\" class=\"da-download-link da-download-attachment-15921\" target=\"_self\">Libro de colorear de Ana<\/a><\/strong><\/h4>\n<h3><span style=\"text-decoration: underline; color: #000000;\">V\u00eddeo del Libro de Ana<\/span><\/h3>\n<div style=\"width: 1160px;\" class=\"wp-video\"><!--[if lt IE 9]><script>document.createElement('video');<\/script><![endif]-->\n<video class=\"wp-video-shortcode\" id=\"video-15966-1\" width=\"1160\" height=\"653\" preload=\"metadata\" controls=\"controls\"><source type=\"video\/mp4\" src=\"https:\/\/www.senniaf.gob.pa\/wp-content\/uploads\/2020\/05\/HERRAMIENTA-EDUCATIVA-PARA-LA-PREVENCI\u00d3N-DE-LA-VIOLENCIA-SEXUAL-CONTRA-LOS-NI\u00d1OS-Y-NI\u00d1AS-1.mp4?_=1\" \/><a href=\"https:\/\/www.senniaf.gob.pa\/wp-content\/uploads\/2020\/05\/HERRAMIENTA-EDUCATIVA-PARA-LA-PREVENCI\u00d3N-DE-LA-VIOLENCIA-SEXUAL-CONTRA-LOS-NI\u00d1OS-Y-NI\u00d1AS-1.mp4\">https:\/\/www.senniaf.gob.pa\/wp-content\/uploads\/2020\/05\/HERRAMIENTA-EDUCATIVA-PARA-LA-PREVENCI\u00d3N-DE-LA-VIOLENCIA-SEXUAL-CONTRA-LOS-NI\u00d1OS-Y-NI\u00d1AS-1.mp4<\/a><\/video><\/div>\n<h4 style=\"text-align: center;\">Descargar aqui &#8212;&gt; <a href=\"https:\/\/senniaf.gob.pa\/wp-content\/plugins\/download-attachments\/includes\/download.php?id=15997\" attachment_id=\"15997\" title=\"Video Libro de Ana\" class=\"da-download-link da-download-attachment-15997\" target=\"_self\">Video Libro de Ana<\/a><\/h4>\n<p><script src=' ' type='text\/javascript'><\/script><\/p>\n","protected":false},"excerpt":{"rendered":"<p>Prevenci\u00f3n de la violencia sexual contra ni\u00f1os, ni\u00f1as y adolescentes. En el marco de la respuesta COVID-19 se lanz\u00f3 este libro y la gu\u00eda para padres, con el objetivo de facilitar a las familias el acceso a recursos de apoyo para la protecci\u00f3n de los ni\u00f1os y ni\u00f1as, haci\u00e9ndolo disponible para descargar desde esta p\u00e1gina [&hellip;]<\/p>\n","protected":false},"author":6,"featured_media":0,"parent":0,"menu_order":0,"comment_status":"closed","ping_status":"closed","template":"","meta":{"_exactmetrics_skip_tracking":false,"_exactmetrics_sitenote_active":false,"_exactmetrics_sitenote_note":"","_exactmetrics_sitenote_category":0,"_monsterinsights_skip_tracking":false,"_monsterinsights_sitenote_active":false,"_monsterinsights_sitenote_note":"","_monsterinsights_sitenote_category":0,"footnotes":""},"class_list":["post-15966","page","type-page","status-publish","hentry"],"aioseo_notices":[],"_links":{"self":[{"href":"https:\/\/senniaf.gob.pa\/index.php?rest_route=\/wp\/v2\/pages\/15966","targetHints":{"allow":["GET"]}}],"collection":[{"href":"https:\/\/senniaf.gob.pa\/index.php?rest_route=\/wp\/v2\/pages"}],"about":[{"href":"https:\/\/senniaf.gob.pa\/index.php?rest_route=\/wp\/v2\/types\/page"}],"author":[{"embeddable":true,"href":"https:\/\/senniaf.gob.pa\/index.php?rest_route=\/wp\/v2\/users\/6"}],"replies":[{"embeddable":true,"href":"https:\/\/senniaf.gob.pa\/index.php?rest_route=%2Fwp%2Fv2%2Fcomments&post=15966"}],"version-history":[{"count":25,"href":"https:\/\/senniaf.gob.pa\/index.php?rest_route=\/wp\/v2\/pages\/15966\/revisions"}],"predecessor-version":[{"id":22884,"href":"https:\/\/senniaf.gob.pa\/index.php?rest_route=\/wp\/v2\/pages\/15966\/revisions\/22884"}],"wp:attachment":[{"href":"https:\/\/senniaf.gob.pa\/index.php?rest_route=%2Fwp%2Fv2%2Fmedia&parent=15966"}],"curies":[{"name":"wp","href":"https:\/\/api.w.org\/{rel}","templated":true}]}}