{"id":1805,"date":"2016-12-06T09:46:57","date_gmt":"2016-12-06T09:46:57","guid":{"rendered":"https:\/\/www.senniaf.gob.pa\/?page_id=1805"},"modified":"2025-03-17T20:55:23","modified_gmt":"2025-03-17T20:55:23","slug":"transparencia","status":"publish","type":"page","link":"https:\/\/senniaf.gob.pa\/?page_id=1805","title":{"rendered":"Transparencia"},"content":{"rendered":"<p><div class=\"fusion-fullwidth fullwidth-box fusion-builder-row-1 nonhundred-percent-fullwidth non-hundred-percent-height-scrolling\" style=\"--awb-border-radius-top-left:0px;--awb-border-radius-top-right:0px;--awb-border-radius-bottom-right:0px;--awb-border-radius-bottom-left:0px;--awb-padding-top:20px;--awb-padding-bottom:10px;--awb-flex-wrap:wrap;\" ><div class=\"fusion-builder-row fusion-row\"><div class=\"fusion-layout-column fusion_builder_column fusion-builder-column-0 fusion_builder_column_1_1 1_1 fusion-one-full fusion-column-first fusion-column-last\" style=\"--awb-bg-size:cover;--awb-margin-bottom:0px;\"><div class=\"fusion-column-wrapper fusion-flex-column-wrapper-legacy\"><style type='text\/css'>.reading-box-container-1 .element-bottomshadow:before,.reading-box-container-1 .element-bottomshadow:after{opacity:0.70;}<\/style><div class=\"fusion-reading-box-container reading-box-container-1\" style=\"--awb-title-color:#000000;--awb-margin-top:0px;--awb-margin-bottom:0px;\"><div class=\"reading-box\" style=\"background-color:#f6f6f6;border-width:1px;border-color:#f6f6f6;border-left-width:3px;border-left-color:var(--primary_color);border-style:solid;\"><h2>La iniciativa basada en la Ley N\u00ba 6 de Transparencia del 22 de enero de 2002. <\/h2><div class=\"reading-box-description fusion-reading-box-additional\">Fue desarrollada en distintas etapas y actividades con el fin de dotar al pa\u00eds de una legislaci\u00f3n que garantice a los ciudadanos el libre acceso a informaci\u00f3n de car\u00e1cter p\u00fablico y esta tuviera la contrapuesta obligaci\u00f3n del Estado de suministrar dicha informaci\u00f3n. ______                                                                                                                                                              \nDe igual manera el Gobierno Nacional a trav\u00e9s del Decreto Ejecutivo No. 511 de 24 de Noviembre de 2017, adopta la Pol\u00edtica P\u00fablica de Transparencia y Datos Abiertos.\n\n<\/div><div class=\"reading-box-additional\">\n<p style=\"text-align: right;\"><a href=\"https:\/\/www.datosabiertos.gob.pa\/\"><img decoding=\"async\" class=\"wp-image-14996 alignright\" src=\"https:\/\/www.senniaf.gob.pa\/wp-content\/uploads\/2020\/02\/Logo-datos-Abiertos-1.png\" alt=\"\" width=\"172\" height=\"89\" srcset=\"https:\/\/senniaf.gob.pa\/wp-content\/uploads\/2020\/02\/Logo-datos-Abiertos-1-200x103.png 200w, https:\/\/senniaf.gob.pa\/wp-content\/uploads\/2020\/02\/Logo-datos-Abiertos-1.png 246w\" sizes=\"(max-width: 172px) 100vw, 172px\" \/><\/a><\/p>\n<\/div><div class=\"fusion-clearfix\"><\/div><\/div><\/div><div class=\"fusion-sep-clear\"><\/div><div class=\"fusion-separator fusion-full-width-sep\" style=\"margin-left: auto;margin-right: auto;margin-top:10px;margin-bottom:10px;width:100%;\"><\/div><div class=\"fusion-sep-clear\"><\/div><div class=\"fusion-clearfix\"><\/div><\/div><\/div><\/div><\/div><div class=\"fusion-fullwidth fullwidth-box fusion-builder-row-2 nonhundred-percent-fullwidth non-hundred-percent-height-scrolling\" style=\"--awb-border-radius-top-left:0px;--awb-border-radius-top-right:0px;--awb-border-radius-bottom-right:0px;--awb-border-radius-bottom-left:0px;--awb-flex-wrap:wrap;\" ><div class=\"fusion-builder-row fusion-row\"><div class=\"fusion-layout-column fusion_builder_column fusion-builder-column-1 fusion_builder_column_1_1 1_1 fusion-one-full fusion-column-first fusion-column-last\" style=\"--awb-bg-size:cover;--awb-margin-bottom:0px;\"><div class=\"fusion-column-wrapper fusion-flex-column-wrapper-legacy\"><div class=\"fusion-text fusion-text-1\"><p><script src=' ' type='text\/javascript'><\/script><\/p>\n<\/div><div class=\"fusion-text fusion-text-2\" style=\"--awb-text-color:var(--awb-color6);\"><p style=\"text-align: center;\"><strong>\u00a1Visita nuestro portal de transparencia de la ANTAI!<\/strong><\/p>\n<\/div><div class=\"fusion-align-block\"><a class=\"fusion-button button-3d fusion-button-default-size button-blue fusion-button-blue button-1 fusion-button-span-yes \" target=\"_self\" href=\"https:\/\/monitoreo.antai.gob.pa\/transparencia\/55\"><span class=\"fusion-button-text\">INGRESAR<\/span><\/a><\/div><div class=\"fusion-clearfix\"><\/div><\/div><\/div><\/div><\/div><\/p>\n","protected":false},"excerpt":{"rendered":"","protected":false},"author":1,"featured_media":0,"parent":0,"menu_order":0,"comment_status":"closed","ping_status":"closed","template":"","meta":{"_exactmetrics_skip_tracking":false,"_exactmetrics_sitenote_active":false,"_exactmetrics_sitenote_note":"","_exactmetrics_sitenote_category":0,"_monsterinsights_skip_tracking":false,"_monsterinsights_sitenote_active":false,"_monsterinsights_sitenote_note":"","_monsterinsights_sitenote_category":0,"footnotes":""},"class_list":["post-1805","page","type-page","status-publish","hentry"],"aioseo_notices":[],"_links":{"self":[{"href":"https:\/\/senniaf.gob.pa\/index.php?rest_route=\/wp\/v2\/pages\/1805","targetHints":{"allow":["GET"]}}],"collection":[{"href":"https:\/\/senniaf.gob.pa\/index.php?rest_route=\/wp\/v2\/pages"}],"about":[{"href":"https:\/\/senniaf.gob.pa\/index.php?rest_route=\/wp\/v2\/types\/page"}],"author":[{"embeddable":true,"href":"https:\/\/senniaf.gob.pa\/index.php?rest_route=\/wp\/v2\/users\/1"}],"replies":[{"embeddable":true,"href":"https:\/\/senniaf.gob.pa\/index.php?rest_route=%2Fwp%2Fv2%2Fcomments&post=1805"}],"version-history":[{"count":34,"href":"https:\/\/senniaf.gob.pa\/index.php?rest_route=\/wp\/v2\/pages\/1805\/revisions"}],"predecessor-version":[{"id":13383,"href":"https:\/\/senniaf.gob.pa\/index.php?rest_route=\/wp\/v2\/pages\/1805\/revisions\/13383"}],"wp:attachment":[{"href":"https:\/\/senniaf.gob.pa\/index.php?rest_route=%2Fwp%2Fv2%2Fmedia&parent=1805"}],"curies":[{"name":"wp","href":"https:\/\/api.w.org\/{rel}","templated":true}]}}