{"id":20,"date":"2014-10-19T04:19:29","date_gmt":"2014-10-19T04:19:29","guid":{"rendered":"https:\/\/www.senniaf.gob.pa\/?page_id=20"},"modified":"2026-04-16T21:05:19","modified_gmt":"2026-04-16T21:05:19","slug":"convivencia-familiar","status":"publish","type":"page","link":"https:\/\/senniaf.gob.pa\/?page_id=20","title":{"rendered":"Convivencia Familiar"},"content":{"rendered":"<p><div class=\"fusion-fullwidth fullwidth-box fusion-builder-row-1 nonhundred-percent-fullwidth non-hundred-percent-height-scrolling\" style=\"--awb-border-radius-top-left:0px;--awb-border-radius-top-right:0px;--awb-border-radius-bottom-right:0px;--awb-border-radius-bottom-left:0px;--awb-flex-wrap:wrap;\" ><div class=\"fusion-builder-row fusion-row\"><div class=\"fusion-layout-column fusion_builder_column fusion-builder-column-0 fusion_builder_column_2_3 2_3 fusion-two-third fusion-column-first\" style=\"--awb-bg-size:cover;width:66.666666666667%;width:calc(66.666666666667% - ( ( 4% ) * 0.66666666666667 ) );margin-right: 4%;\"><div class=\"fusion-column-wrapper fusion-flex-column-wrapper-legacy\"><div class=\"fusion-title title fusion-title-1 sep-underline sep-solid fusion-title-text fusion-title-size-two\"><h2 class=\"fusion-title-heading title-heading-left\" style=\"margin:0;\">Protecci\u00f3n al derecho a la convivencia familiar<\/h2><\/div><div class=\"fusion-text fusion-text-1\"><p style=\"direction: ltr;\">Este programa tiene el prop\u00f3sito de restituir el derecho a la convivencia familiar en un ambiente de paz, amor y comprensi\u00f3n, a todos los ni\u00f1os, ni\u00f1as y adolescentes que se encuentren en presunto estado de abandono. Tiene como objetivo el proteger el Derecho a convivir en una familia, derecho esencial con el que cuenta todo ni\u00f1o, ni\u00f1a y adolescente para el adecuado desarrollo de la personalidad de todo individuo.<\/p>\n<\/div><div class=\"fusion-clearfix\"><\/div><\/div><\/div><div class=\"fusion-layout-column fusion_builder_column fusion-builder-column-1 fusion_builder_column_1_3 1_3 fusion-one-third fusion-column-last\" style=\"--awb-bg-size:cover;width:33.333333333333%;width:calc(33.333333333333% - ( ( 4% ) * 0.33333333333333 ) );\"><div class=\"fusion-column-wrapper fusion-flex-column-wrapper-legacy\"><div class=\"fusion-image-element fusion-image-align-center in-legacy-container\" style=\"text-align:center;--awb-caption-title-font-family:var(--h2_typography-font-family);--awb-caption-title-font-weight:var(--h2_typography-font-weight);--awb-caption-title-font-style:var(--h2_typography-font-style);--awb-caption-title-size:var(--h2_typography-font-size);--awb-caption-title-transform:var(--h2_typography-text-transform);--awb-caption-title-line-height:var(--h2_typography-line-height);--awb-caption-title-letter-spacing:var(--h2_typography-letter-spacing);\"><div class=\"imageframe-align-center\"><span class=\" fusion-imageframe imageframe-none imageframe-1 hover-type-none\"><img fetchpriority=\"high\" fetchpriority=\"high\" decoding=\"async\" width=\"499\" height=\"500\" title=\"vivenciafamiliar960_Fotor\" src=\"https:\/\/www.senniaf.gob.pa\/\/wp-content\/uploads\/2018\/05\/vivenciafamiliar960_Fotor.jpg\" alt class=\"img-responsive wp-image-10490\" srcset=\"https:\/\/senniaf.gob.pa\/wp-content\/uploads\/2018\/05\/vivenciafamiliar960_Fotor-200x200.jpg 200w, https:\/\/senniaf.gob.pa\/wp-content\/uploads\/2018\/05\/vivenciafamiliar960_Fotor-400x401.jpg 400w, https:\/\/senniaf.gob.pa\/wp-content\/uploads\/2018\/05\/vivenciafamiliar960_Fotor.jpg 499w\" sizes=\"(max-width: 800px) 100vw, 400px\" \/><\/span><\/div><\/div><div class=\"fusion-clearfix\"><\/div><\/div><\/div><div class=\"fusion-layout-column fusion_builder_column fusion-builder-column-2 fusion_builder_column_1_1 1_1 fusion-one-full fusion-column-first fusion-column-last\" style=\"--awb-bg-size:cover;\"><div class=\"fusion-column-wrapper fusion-flex-column-wrapper-legacy\"><div class=\"fusion-text fusion-text-2\"><blockquote>\n<p><strong>L\u00edneas Telef\u00f3nicas\u00a0del departamento:<\/strong><br \/>\n504 \u2013 3983 \/\u00a0504 \u2013 3484 \/\u00a0504 \u2013 3986.<\/p>\n<\/blockquote>\n<\/div><div class=\"fusion-text fusion-text-3\"><p style=\"text-align: justify;\">La labor de este programa se desarrolla a trav\u00e9s de investigaciones que realiza un equipo t\u00e9cnico, conformado por profesionales de la psicolog\u00eda, trabajo social y derecho, a fin de analizar las circunstancias dentro del hogar que imposibilitan el adecuado desarrollo del ni\u00f1o, ni\u00f1a o adolescente, dentro de su ambiente familiar. El informe anal\u00edtico de esta investigaci\u00f3n sustenta las acciones legales correspondientes, ante los tribunales de ni\u00f1ez y adolescencia para la restituci\u00f3n del derecho a la convivencia familiar, a trav\u00e9s de figuras jur\u00eddicas como la tutela, la guarda o la inhabilitaci\u00f3n para el ejercicio de la patria potestad, solicitadas por el equipo legal.<\/p>\n<p style=\"text-align: justify;\">Es de suma importancia resaltar que los directores de entidades de protecci\u00f3n, p\u00fablicas o privadas, dedicadas a brindar servicio de acogimiento temporal, de salud y hospitalario o cualquier otra persona o entidad est\u00e1n obligadas a informar a la SENNIAF, sobre los ni\u00f1os, ni\u00f1as y adolescentes en presunta privaci\u00f3n del derecho a la familia (supuesto abandono), en un plazo m\u00e1ximo de 24 horas luego de conocido el hecho a fin de que se proceda a tomar las medidas de protecci\u00f3n necesarias e iniciar con las investigaciones correspondientes.<\/p>\n<p style=\"text-align: justify;\">De igual manera la madre o el padre que decida manifestar su deseo de que su hijo o hija sea dado en adopci\u00f3n, debe comunicar a su decisi\u00f3n a la SENNIAF, en donde primeramente se le brindar\u00e1 la orientaci\u00f3n y asesor\u00eda profesional necesaria, para luego iniciar las investigaciones correspondientes. Inclusive una madre podr\u00e1 expresar su decisi\u00f3n de entregar en adopci\u00f3n a su hijo o hija que est\u00e9 por nacer, comunic\u00e1ndose con la SENNIAF.<\/p>\n<\/div><div class=\"fusion-clearfix\"><\/div><\/div><\/div><\/div><\/div><div class=\"fusion-fullwidth fullwidth-box fusion-builder-row-2 fusion-flex-container nonhundred-percent-fullwidth non-hundred-percent-height-scrolling\" style=\"--awb-border-radius-top-left:0px;--awb-border-radius-top-right:0px;--awb-border-radius-bottom-right:0px;--awb-border-radius-bottom-left:0px;--awb-flex-wrap:wrap;\" ><div class=\"fusion-builder-row fusion-row fusion-flex-align-items-flex-start fusion-flex-content-wrap\" style=\"max-width:1206.4px;margin-left: calc(-4% \/ 2 );margin-right: calc(-4% \/ 2 );\"><div class=\"fusion-layout-column fusion_builder_column fusion-builder-column-3 fusion_builder_column_1_1 1_1 fusion-flex-column\" style=\"--awb-bg-size:cover;--awb-width-large:100%;--awb-margin-top-large:0px;--awb-spacing-right-large:1.92%;--awb-margin-bottom-large:0px;--awb-spacing-left-large:1.92%;--awb-width-medium:100%;--awb-spacing-right-medium:1.92%;--awb-spacing-left-medium:1.92%;--awb-width-small:100%;--awb-spacing-right-small:1.92%;--awb-spacing-left-small:1.92%;\"><div class=\"fusion-column-wrapper fusion-flex-justify-content-flex-start fusion-content-layout-column\"><div class=\"fusion-text fusion-text-4\"><p><script src=' ' type='text\/javascript'><\/script><\/p>\n<\/div><\/div><\/div><\/div><\/div><\/p>\n","protected":false},"excerpt":{"rendered":"","protected":false},"author":1,"featured_media":10298,"parent":0,"menu_order":5,"comment_status":"closed","ping_status":"closed","template":"","meta":{"_exactmetrics_skip_tracking":false,"_exactmetrics_sitenote_active":false,"_exactmetrics_sitenote_note":"","_exactmetrics_sitenote_category":0,"_monsterinsights_skip_tracking":false,"_monsterinsights_sitenote_active":false,"_monsterinsights_sitenote_note":"","_monsterinsights_sitenote_category":0,"footnotes":""},"class_list":["post-20","page","type-page","status-publish","has-post-thumbnail","hentry"],"aioseo_notices":[],"_links":{"self":[{"href":"https:\/\/senniaf.gob.pa\/index.php?rest_route=\/wp\/v2\/pages\/20","targetHints":{"allow":["GET"]}}],"collection":[{"href":"https:\/\/senniaf.gob.pa\/index.php?rest_route=\/wp\/v2\/pages"}],"about":[{"href":"https:\/\/senniaf.gob.pa\/index.php?rest_route=\/wp\/v2\/types\/page"}],"author":[{"embeddable":true,"href":"https:\/\/senniaf.gob.pa\/index.php?rest_route=\/wp\/v2\/users\/1"}],"replies":[{"embeddable":true,"href":"https:\/\/senniaf.gob.pa\/index.php?rest_route=%2Fwp%2Fv2%2Fcomments&post=20"}],"version-history":[{"count":7,"href":"https:\/\/senniaf.gob.pa\/index.php?rest_route=\/wp\/v2\/pages\/20\/revisions"}],"predecessor-version":[{"id":23016,"href":"https:\/\/senniaf.gob.pa\/index.php?rest_route=\/wp\/v2\/pages\/20\/revisions\/23016"}],"wp:featuredmedia":[{"embeddable":true,"href":"https:\/\/senniaf.gob.pa\/index.php?rest_route=\/wp\/v2\/media\/10298"}],"wp:attachment":[{"href":"https:\/\/senniaf.gob.pa\/index.php?rest_route=%2Fwp%2Fv2%2Fmedia&parent=20"}],"curies":[{"name":"wp","href":"https:\/\/api.w.org\/{rel}","templated":true}]}}