{"id":23034,"date":"2026-04-21T16:47:43","date_gmt":"2026-04-21T16:47:43","guid":{"rendered":"https:\/\/senniaf.gob.pa\/?page_id=23034"},"modified":"2026-04-22T15:18:47","modified_gmt":"2026-04-22T15:18:47","slug":"atencion-preventiva","status":"publish","type":"page","link":"https:\/\/senniaf.gob.pa\/?page_id=23034","title":{"rendered":"Atenci\u00f3n Preventiva"},"content":{"rendered":"\t\t<div data-elementor-type=\"wp-page\" data-elementor-id=\"23034\" class=\"elementor elementor-23034\">\n\t\t\t\t\t\t<section class=\"elementor-section elementor-top-section elementor-element elementor-element-386d790 elementor-section-boxed elementor-section-height-default elementor-section-height-default\" data-id=\"386d790\" data-element_type=\"section\">\n\t\t\t\t\t\t<div class=\"elementor-container elementor-column-gap-default\">\n\t\t\t\t\t<div class=\"elementor-column elementor-col-100 elementor-top-column elementor-element elementor-element-54d2a0c\" data-id=\"54d2a0c\" data-element_type=\"column\">\n\t\t\t<div class=\"elementor-widget-wrap elementor-element-populated\">\n\t\t\t\t\t\t<div class=\"elementor-element elementor-element-fc31021 elementor-widget elementor-widget-text-editor\" data-id=\"fc31021\" data-element_type=\"widget\" data-widget_type=\"text-editor.default\">\n\t\t\t\t<div class=\"elementor-widget-container\">\n\t\t\t<style>\/*! elementor - v3.23.0 - 05-08-2024 *\/\n.elementor-widget-text-editor.elementor-drop-cap-view-stacked .elementor-drop-cap{background-color:#69727d;color:#fff}.elementor-widget-text-editor.elementor-drop-cap-view-framed .elementor-drop-cap{color:#69727d;border:3px solid;background-color:transparent}.elementor-widget-text-editor:not(.elementor-drop-cap-view-default) .elementor-drop-cap{margin-top:8px}.elementor-widget-text-editor:not(.elementor-drop-cap-view-default) .elementor-drop-cap-letter{width:1em;height:1em}.elementor-widget-text-editor .elementor-drop-cap{float:left;text-align:center;line-height:1;font-size:50px}.elementor-widget-text-editor .elementor-drop-cap-letter{display:inline-block}<\/style>\t\t\t\t<h3><strong>Objetivo:\u00a0<\/strong><\/h3><p>Ofrecer y activar la red de servicios p\u00fablicos y privados en el marco de una acci\u00f3n general de orientaci\u00f3n y fortalecimiento de las habilidades psicosociales de los ni\u00f1os, ni\u00f1as y adolescentes y sus familias para prevenir o detener los factores de vulnerabilidad y riesgo social.<\/p>\t\t\t\t\t\t<\/div>\n\t\t\t\t<\/div>\n\t\t\t\t\t<\/div>\n\t\t<\/div>\n\t\t\t\t\t<\/div>\n\t\t<\/section>\n\t\t\t\t<section class=\"elementor-section elementor-top-section elementor-element elementor-element-1d74aa4 elementor-section-boxed elementor-section-height-default elementor-section-height-default\" data-id=\"1d74aa4\" data-element_type=\"section\">\n\t\t\t\t\t\t<div class=\"elementor-container elementor-column-gap-default\">\n\t\t\t\t\t<div class=\"elementor-column elementor-col-100 elementor-top-column elementor-element elementor-element-c36330e\" data-id=\"c36330e\" data-element_type=\"column\">\n\t\t\t<div class=\"elementor-widget-wrap elementor-element-populated\">\n\t\t\t\t\t\t<div class=\"elementor-element elementor-element-59fdfe3 elementor-widget elementor-widget-text-editor\" data-id=\"59fdfe3\" data-element_type=\"widget\" data-widget_type=\"text-editor.default\">\n\t\t\t\t<div class=\"elementor-widget-container\">\n\t\t\t\t\t\t\t<h3 style=\"text-align: center;\"><strong>El Departamento de Atenci\u00f3n Preventiva tiene tres secciones\u00a0 administrativas<\/strong><\/h3>\t\t\t\t\t\t<\/div>\n\t\t\t\t<\/div>\n\t\t\t\t\t<\/div>\n\t\t<\/div>\n\t\t\t\t\t<\/div>\n\t\t<\/section>\n\t\t\t\t<section class=\"elementor-section elementor-top-section elementor-element elementor-element-78d4b9a elementor-section-boxed elementor-section-height-default elementor-section-height-default\" data-id=\"78d4b9a\" data-element_type=\"section\">\n\t\t\t\t\t\t<div class=\"elementor-container elementor-column-gap-default\">\n\t\t\t\t\t<div class=\"elementor-column elementor-col-100 elementor-top-column elementor-element elementor-element-c9a4f9f\" data-id=\"c9a4f9f\" data-element_type=\"column\">\n\t\t\t<div class=\"elementor-widget-wrap elementor-element-populated\">\n\t\t\t\t\t\t<div class=\"elementor-element elementor-element-8dda24e elementor-widget elementor-widget-image\" data-id=\"8dda24e\" data-element_type=\"widget\" data-widget_type=\"image.default\">\n\t\t\t\t<div class=\"elementor-widget-container\">\n\t\t\t<style>\/*! elementor - v3.23.0 - 05-08-2024 *\/\n.elementor-widget-image{text-align:center}.elementor-widget-image a{display:inline-block}.elementor-widget-image a img[src$=\".svg\"]{width:48px}.elementor-widget-image img{vertical-align:middle;display:inline-block}<\/style>\t\t\t\t\t\t\t\t\t\t<img fetchpriority=\"high\" decoding=\"async\" width=\"800\" height=\"480\" src=\"https:\/\/senniaf.gob.pa\/wp-content\/uploads\/2026\/04\/DAP-800x480.jpg\" class=\"attachment-fusion-800 size-fusion-800 wp-image-23047\" alt=\"\" srcset=\"https:\/\/senniaf.gob.pa\/wp-content\/uploads\/2026\/04\/DAP-200x120.jpg 200w, https:\/\/senniaf.gob.pa\/wp-content\/uploads\/2026\/04\/DAP-300x180.jpg 300w, https:\/\/senniaf.gob.pa\/wp-content\/uploads\/2026\/04\/DAP-400x240.jpg 400w, https:\/\/senniaf.gob.pa\/wp-content\/uploads\/2026\/04\/DAP-600x360.jpg 600w, https:\/\/senniaf.gob.pa\/wp-content\/uploads\/2026\/04\/DAP-768x461.jpg 768w, https:\/\/senniaf.gob.pa\/wp-content\/uploads\/2026\/04\/DAP-800x480.jpg 800w, https:\/\/senniaf.gob.pa\/wp-content\/uploads\/2026\/04\/DAP-1024x614.jpg 1024w, https:\/\/senniaf.gob.pa\/wp-content\/uploads\/2026\/04\/DAP-1200x720.jpg 1200w, https:\/\/senniaf.gob.pa\/wp-content\/uploads\/2026\/04\/DAP.jpg 1310w\" sizes=\"(max-width: 800px) 100vw, 800px\" \/>\t\t\t\t\t\t\t\t\t\t\t\t\t<\/div>\n\t\t\t\t<\/div>\n\t\t\t\t\t<\/div>\n\t\t<\/div>\n\t\t\t\t\t<\/div>\n\t\t<\/section>\n\t\t\t\t<section class=\"elementor-section elementor-top-section elementor-element elementor-element-f52ef85 elementor-section-full_width elementor-section-height-default elementor-section-height-default\" data-id=\"f52ef85\" data-element_type=\"section\">\n\t\t\t\t\t\t<div class=\"elementor-container elementor-column-gap-no\">\n\t\t\t\t\t<div class=\"elementor-column elementor-col-100 elementor-top-column elementor-element elementor-element-b7d7837\" data-id=\"b7d7837\" data-element_type=\"column\">\n\t\t\t<div class=\"elementor-widget-wrap elementor-element-populated\">\n\t\t\t\t\t\t<div class=\"elementor-element elementor-element-512aab7 elementor-widget elementor-widget-image\" data-id=\"512aab7\" data-element_type=\"widget\" data-widget_type=\"image.default\">\n\t\t\t\t<div class=\"elementor-widget-container\">\n\t\t\t\t\t\t\t\t\t\t\t\t\t<img decoding=\"async\" width=\"800\" height=\"450\" src=\"https:\/\/senniaf.gob.pa\/wp-content\/uploads\/2026\/04\/Registro-e-Informacion-1-800x450.jpg\" class=\"attachment-fusion-800 size-fusion-800 wp-image-23041\" alt=\"\" srcset=\"https:\/\/senniaf.gob.pa\/wp-content\/uploads\/2026\/04\/Registro-e-Informacion-1-200x113.jpg 200w, https:\/\/senniaf.gob.pa\/wp-content\/uploads\/2026\/04\/Registro-e-Informacion-1-300x169.jpg 300w, https:\/\/senniaf.gob.pa\/wp-content\/uploads\/2026\/04\/Registro-e-Informacion-1-400x225.jpg 400w, https:\/\/senniaf.gob.pa\/wp-content\/uploads\/2026\/04\/Registro-e-Informacion-1-600x338.jpg 600w, https:\/\/senniaf.gob.pa\/wp-content\/uploads\/2026\/04\/Registro-e-Informacion-1-768x432.jpg 768w, https:\/\/senniaf.gob.pa\/wp-content\/uploads\/2026\/04\/Registro-e-Informacion-1-800x450.jpg 800w, https:\/\/senniaf.gob.pa\/wp-content\/uploads\/2026\/04\/Registro-e-Informacion-1-1024x576.jpg 1024w, https:\/\/senniaf.gob.pa\/wp-content\/uploads\/2026\/04\/Registro-e-Informacion-1-1200x675.jpg 1200w, https:\/\/senniaf.gob.pa\/wp-content\/uploads\/2026\/04\/Registro-e-Informacion-1-1536x864.jpg 1536w, https:\/\/senniaf.gob.pa\/wp-content\/uploads\/2026\/04\/Registro-e-Informacion-1.jpg 1920w\" sizes=\"(max-width: 800px) 100vw, 800px\" \/>\t\t\t\t\t\t\t\t\t\t\t\t\t<\/div>\n\t\t\t\t<\/div>\n\t\t\t\t<div class=\"elementor-element elementor-element-7a5be91 elementor-widget elementor-widget-image\" data-id=\"7a5be91\" data-element_type=\"widget\" data-widget_type=\"image.default\">\n\t\t\t\t<div class=\"elementor-widget-container\">\n\t\t\t\t\t\t\t\t\t\t\t\t\t<img decoding=\"async\" width=\"800\" height=\"450\" src=\"https:\/\/senniaf.gob.pa\/wp-content\/uploads\/2026\/04\/Orientacion-Familiar-800x450.jpg\" class=\"attachment-fusion-800 size-fusion-800 wp-image-23040\" alt=\"\" srcset=\"https:\/\/senniaf.gob.pa\/wp-content\/uploads\/2026\/04\/Orientacion-Familiar-200x113.jpg 200w, https:\/\/senniaf.gob.pa\/wp-content\/uploads\/2026\/04\/Orientacion-Familiar-300x169.jpg 300w, https:\/\/senniaf.gob.pa\/wp-content\/uploads\/2026\/04\/Orientacion-Familiar-400x225.jpg 400w, https:\/\/senniaf.gob.pa\/wp-content\/uploads\/2026\/04\/Orientacion-Familiar-600x338.jpg 600w, https:\/\/senniaf.gob.pa\/wp-content\/uploads\/2026\/04\/Orientacion-Familiar-768x432.jpg 768w, https:\/\/senniaf.gob.pa\/wp-content\/uploads\/2026\/04\/Orientacion-Familiar-800x450.jpg 800w, https:\/\/senniaf.gob.pa\/wp-content\/uploads\/2026\/04\/Orientacion-Familiar-1024x576.jpg 1024w, https:\/\/senniaf.gob.pa\/wp-content\/uploads\/2026\/04\/Orientacion-Familiar-1200x675.jpg 1200w, https:\/\/senniaf.gob.pa\/wp-content\/uploads\/2026\/04\/Orientacion-Familiar-1536x864.jpg 1536w, https:\/\/senniaf.gob.pa\/wp-content\/uploads\/2026\/04\/Orientacion-Familiar.jpg 1920w\" sizes=\"(max-width: 800px) 100vw, 800px\" \/>\t\t\t\t\t\t\t\t\t\t\t\t\t<\/div>\n\t\t\t\t<\/div>\n\t\t\t\t\t<\/div>\n\t\t<\/div>\n\t\t\t\t\t<\/div>\n\t\t<\/section>\n\t\t\t\t<section class=\"elementor-section elementor-top-section elementor-element elementor-element-9ed41a8 elementor-section-boxed elementor-section-height-default elementor-section-height-default\" data-id=\"9ed41a8\" data-element_type=\"section\">\n\t\t\t\t\t\t<div class=\"elementor-container elementor-column-gap-default\">\n\t\t\t\t\t<div class=\"elementor-column elementor-col-100 elementor-top-column elementor-element elementor-element-46039a4\" data-id=\"46039a4\" data-element_type=\"column\">\n\t\t\t<div class=\"elementor-widget-wrap elementor-element-populated\">\n\t\t\t\t\t\t<div class=\"elementor-element elementor-element-8d5a49c elementor-widget elementor-widget-image\" data-id=\"8d5a49c\" data-element_type=\"widget\" data-widget_type=\"image.default\">\n\t\t\t\t<div class=\"elementor-widget-container\">\n\t\t\t\t\t\t\t\t\t\t\t\t\t<img loading=\"lazy\" decoding=\"async\" width=\"800\" height=\"450\" src=\"https:\/\/senniaf.gob.pa\/wp-content\/uploads\/2026\/04\/Control-de-Casos-800x450.jpg\" class=\"attachment-fusion-800 size-fusion-800 wp-image-23039\" alt=\"\" srcset=\"https:\/\/senniaf.gob.pa\/wp-content\/uploads\/2026\/04\/Control-de-Casos-200x113.jpg 200w, https:\/\/senniaf.gob.pa\/wp-content\/uploads\/2026\/04\/Control-de-Casos-300x169.jpg 300w, https:\/\/senniaf.gob.pa\/wp-content\/uploads\/2026\/04\/Control-de-Casos-400x225.jpg 400w, https:\/\/senniaf.gob.pa\/wp-content\/uploads\/2026\/04\/Control-de-Casos-600x338.jpg 600w, https:\/\/senniaf.gob.pa\/wp-content\/uploads\/2026\/04\/Control-de-Casos-768x432.jpg 768w, https:\/\/senniaf.gob.pa\/wp-content\/uploads\/2026\/04\/Control-de-Casos-800x450.jpg 800w, https:\/\/senniaf.gob.pa\/wp-content\/uploads\/2026\/04\/Control-de-Casos-1024x576.jpg 1024w, https:\/\/senniaf.gob.pa\/wp-content\/uploads\/2026\/04\/Control-de-Casos-1200x675.jpg 1200w, https:\/\/senniaf.gob.pa\/wp-content\/uploads\/2026\/04\/Control-de-Casos-1536x864.jpg 1536w, https:\/\/senniaf.gob.pa\/wp-content\/uploads\/2026\/04\/Control-de-Casos.jpg 1920w\" sizes=\"(max-width: 800px) 100vw, 800px\" \/>\t\t\t\t\t\t\t\t\t\t\t\t\t<\/div>\n\t\t\t\t<\/div>\n\t\t\t\t\t<\/div>\n\t\t<\/div>\n\t\t\t\t\t<\/div>\n\t\t<\/section>\n\t\t\t\t<section class=\"elementor-section elementor-top-section elementor-element elementor-element-596fed0 elementor-section-boxed elementor-section-height-default elementor-section-height-default\" data-id=\"596fed0\" data-element_type=\"section\">\n\t\t\t\t\t\t<div class=\"elementor-container elementor-column-gap-default\">\n\t\t\t\t\t<div class=\"elementor-column elementor-col-100 elementor-top-column elementor-element elementor-element-9b957d3\" data-id=\"9b957d3\" data-element_type=\"column\">\n\t\t\t<div class=\"elementor-widget-wrap elementor-element-populated\">\n\t\t\t\t\t\t<div class=\"elementor-element elementor-element-111669a elementor-widget elementor-widget-text-editor\" data-id=\"111669a\" data-element_type=\"widget\" data-widget_type=\"text-editor.default\">\n\t\t\t\t<div class=\"elementor-widget-container\">\n\t\t\t\t\t\t\t<h3><span style=\"text-decoration: underline;\"><strong>Perfil de los casos\u00a0<\/strong><\/span><\/h3>\t\t\t\t\t\t<\/div>\n\t\t\t\t<\/div>\n\t\t\t\t\t<\/div>\n\t\t<\/div>\n\t\t\t\t\t<\/div>\n\t\t<\/section>\n\t\t\t\t<section class=\"elementor-section elementor-top-section elementor-element elementor-element-7c2719e elementor-section-boxed elementor-section-height-default elementor-section-height-default\" data-id=\"7c2719e\" data-element_type=\"section\">\n\t\t\t\t\t\t<div class=\"elementor-container elementor-column-gap-default\">\n\t\t\t\t\t<div class=\"elementor-column elementor-col-100 elementor-top-column elementor-element elementor-element-ef15aee\" data-id=\"ef15aee\" data-element_type=\"column\">\n\t\t\t<div class=\"elementor-widget-wrap\">\n\t\t\t\t\t\t\t<\/div>\n\t\t<\/div>\n\t\t\t\t\t<\/div>\n\t\t<\/section>\n\t\t\t\t<section class=\"elementor-section elementor-top-section elementor-element elementor-element-934b8b3 elementor-section-boxed elementor-section-height-default elementor-section-height-default\" data-id=\"934b8b3\" data-element_type=\"section\">\n\t\t\t\t\t\t<div class=\"elementor-container elementor-column-gap-default\">\n\t\t\t\t\t<div class=\"elementor-column elementor-col-100 elementor-top-column elementor-element elementor-element-342c8b0\" data-id=\"342c8b0\" data-element_type=\"column\">\n\t\t\t<div class=\"elementor-widget-wrap elementor-element-populated\">\n\t\t\t\t\t\t<div class=\"elementor-element elementor-element-57041c9 elementor-widget elementor-widget-accordion\" data-id=\"57041c9\" data-element_type=\"widget\" data-widget_type=\"accordion.default\">\n\t\t\t\t<div class=\"elementor-widget-container\">\n\t\t\t<style>\/*! elementor - v3.23.0 - 05-08-2024 *\/\n.elementor-accordion{text-align:start}.elementor-accordion .elementor-accordion-item{border:1px solid #d5d8dc}.elementor-accordion .elementor-accordion-item+.elementor-accordion-item{border-top:none}.elementor-accordion .elementor-tab-title{margin:0;padding:15px 20px;font-weight:700;line-height:1;cursor:pointer;outline:none}.elementor-accordion .elementor-tab-title .elementor-accordion-icon{display:inline-block;width:1.5em}.elementor-accordion .elementor-tab-title .elementor-accordion-icon svg{width:1em;height:1em}.elementor-accordion .elementor-tab-title .elementor-accordion-icon.elementor-accordion-icon-right{float:right;text-align:right}.elementor-accordion .elementor-tab-title .elementor-accordion-icon.elementor-accordion-icon-left{float:left;text-align:left}.elementor-accordion .elementor-tab-title .elementor-accordion-icon .elementor-accordion-icon-closed{display:block}.elementor-accordion .elementor-tab-title .elementor-accordion-icon .elementor-accordion-icon-opened,.elementor-accordion .elementor-tab-title.elementor-active .elementor-accordion-icon-closed{display:none}.elementor-accordion .elementor-tab-title.elementor-active .elementor-accordion-icon-opened{display:block}.elementor-accordion .elementor-tab-content{display:none;padding:15px 20px;border-top:1px solid #d5d8dc}@media (max-width:767px){.elementor-accordion .elementor-tab-title{padding:12px 15px}.elementor-accordion .elementor-tab-title .elementor-accordion-icon{width:1.2em}.elementor-accordion .elementor-tab-content{padding:7px 15px}}.e-con-inner>.elementor-widget-accordion,.e-con>.elementor-widget-accordion{width:var(--container-widget-width);--flex-grow:var(--container-widget-flex-grow)}<\/style>\t\t<div class=\"elementor-accordion\">\n\t\t\t\t\t\t\t<div class=\"elementor-accordion-item\">\n\t\t\t\t\t<div id=\"elementor-tab-title-9121\" class=\"elementor-tab-title\" data-tab=\"1\" role=\"button\" aria-controls=\"elementor-tab-content-9121\" aria-expanded=\"false\">\n\t\t\t\t\t\t\t\t\t\t\t\t\t<span class=\"elementor-accordion-icon elementor-accordion-icon-left\" aria-hidden=\"true\">\n\t\t\t\t\t\t\t\t\t\t\t\t\t\t\t<span class=\"elementor-accordion-icon-closed\"><i class=\"fas fa-plus\"><\/i><\/span>\n\t\t\t\t\t\t\t\t<span class=\"elementor-accordion-icon-opened\"><i class=\"fas fa-minus\"><\/i><\/span>\n\t\t\t\t\t\t\t\t\t\t\t\t\t\t<\/span>\n\t\t\t\t\t\t\t\t\t\t\t\t<a class=\"elementor-accordion-title\" tabindex=\"0\">Ni\u00f1os, ni\u00f1as y adolescentes en vulnerabilidad social<\/a>\n\t\t\t\t\t<\/div>\n\t\t\t\t\t<div id=\"elementor-tab-content-9121\" class=\"elementor-tab-content elementor-clearfix\" data-tab=\"1\" role=\"region\" aria-labelledby=\"elementor-tab-title-9121\"><p>Casos donde existe vulnerabilidad, pero no necesariamente una vulneraci\u00f3n grave confirmada.\u00a0<\/p><p>Ejemplos:<\/p><ul><li>Riesgo de abandono o negligencia leve<\/li><li>Problemas de conducta o adaptaci\u00f3n escolar<\/li><li>Ausentismo escolar<\/li><li>Ni\u00f1os o adolescentes expuestos a conflictos familiares<\/li><li>Riesgo de consumo de sustancias<\/li><\/ul><\/div>\n\t\t\t\t<\/div>\n\t\t\t\t\t\t\t<div class=\"elementor-accordion-item\">\n\t\t\t\t\t<div id=\"elementor-tab-title-9122\" class=\"elementor-tab-title\" data-tab=\"2\" role=\"button\" aria-controls=\"elementor-tab-content-9122\" aria-expanded=\"false\">\n\t\t\t\t\t\t\t\t\t\t\t\t\t<span class=\"elementor-accordion-icon elementor-accordion-icon-left\" aria-hidden=\"true\">\n\t\t\t\t\t\t\t\t\t\t\t\t\t\t\t<span class=\"elementor-accordion-icon-closed\"><i class=\"fas fa-plus\"><\/i><\/span>\n\t\t\t\t\t\t\t\t<span class=\"elementor-accordion-icon-opened\"><i class=\"fas fa-minus\"><\/i><\/span>\n\t\t\t\t\t\t\t\t\t\t\t\t\t\t<\/span>\n\t\t\t\t\t\t\t\t\t\t\t\t<a class=\"elementor-accordion-title\" tabindex=\"0\">Familias en situaci\u00f3n de vulnerabilidad social:<\/a>\n\t\t\t\t\t<\/div>\n\t\t\t\t\t<div id=\"elementor-tab-content-9122\" class=\"elementor-tab-content elementor-clearfix\" data-tab=\"2\" role=\"region\" aria-labelledby=\"elementor-tab-title-9122\"><p>Familias con factores que podr\u00edan derivar en problem\u00e1ticas mayores si no se interviene.\u00a0\u00a0<\/p><p>Caracter\u00edsticas frecuentes:<\/p><ul><li>Pobreza o pobreza extrema<\/li><li>Desempleo<\/li><li>Vivienda inadecuada<\/li><li>Conflictos intrafamiliares<\/li><li>D\u00e9bil red de apoyo familiar o comunitario<\/li><li>Dificultades en habilidades de crianza<\/li><\/ul><\/div>\n\t\t\t\t<\/div>\n\t\t\t\t\t\t\t<div class=\"elementor-accordion-item\">\n\t\t\t\t\t<div id=\"elementor-tab-title-9123\" class=\"elementor-tab-title\" data-tab=\"3\" role=\"button\" aria-controls=\"elementor-tab-content-9123\" aria-expanded=\"false\">\n\t\t\t\t\t\t\t\t\t\t\t\t\t<span class=\"elementor-accordion-icon elementor-accordion-icon-left\" aria-hidden=\"true\">\n\t\t\t\t\t\t\t\t\t\t\t\t\t\t\t<span class=\"elementor-accordion-icon-closed\"><i class=\"fas fa-plus\"><\/i><\/span>\n\t\t\t\t\t\t\t\t<span class=\"elementor-accordion-icon-opened\"><i class=\"fas fa-minus\"><\/i><\/span>\n\t\t\t\t\t\t\t\t\t\t\t\t\t\t<\/span>\n\t\t\t\t\t\t\t\t\t\t\t\t<a class=\"elementor-accordion-title\" tabindex=\"0\">Casos de riesgo psicosocial en adolescentes<\/a>\n\t\t\t\t\t<\/div>\n\t\t\t\t\t<div id=\"elementor-tab-content-9123\" class=\"elementor-tab-content elementor-clearfix\" data-tab=\"3\" role=\"region\" aria-labelledby=\"elementor-tab-title-9123\"><p>Situaciones donde el adolescente muestra se\u00f1ales tempranas de vulnerabilidad.\u00a0<\/p><p>Ejemplos:<\/p><ul><li>Deserci\u00f3n escolar<\/li><li>Problemas de violencia escolar o bullying<\/li><li>Relaciones familiares conflictivas<\/li><li>Riesgo de embarazo adolescente<\/li><li>Riesgo de conductas delictivas<\/li><\/ul><\/div>\n\t\t\t\t<\/div>\n\t\t\t\t\t\t\t\t<\/div>\n\t\t\t\t<\/div>\n\t\t\t\t<\/div>\n\t\t\t\t\t<\/div>\n\t\t<\/div>\n\t\t\t\t\t<\/div>\n\t\t<\/section>\n\t\t\t\t<section class=\"elementor-section elementor-top-section elementor-element elementor-element-823c8ec elementor-section-boxed elementor-section-height-default elementor-section-height-default\" data-id=\"823c8ec\" data-element_type=\"section\">\n\t\t\t\t\t\t<div class=\"elementor-container elementor-column-gap-default\">\n\t\t\t\t\t<div class=\"elementor-column elementor-col-100 elementor-top-column elementor-element elementor-element-7ac763c\" data-id=\"7ac763c\" data-element_type=\"column\">\n\t\t\t<div class=\"elementor-widget-wrap elementor-element-populated\">\n\t\t\t\t\t\t<div class=\"elementor-element elementor-element-acee8e2 elementor-widget elementor-widget-text-editor\" data-id=\"acee8e2\" data-element_type=\"widget\" data-widget_type=\"text-editor.default\">\n\t\t\t\t<div class=\"elementor-widget-container\">\n\t\t\t\t\t\t\t<h3><span style=\"text-decoration: underline;\"><strong>Tipos de intervenci\u00f3n<\/strong><\/span><\/h3>\t\t\t\t\t\t<\/div>\n\t\t\t\t<\/div>\n\t\t\t\t<div class=\"elementor-element elementor-element-101606c elementor-icon-list--layout-traditional elementor-list-item-link-full_width elementor-widget elementor-widget-icon-list\" data-id=\"101606c\" data-element_type=\"widget\" data-widget_type=\"icon-list.default\">\n\t\t\t\t<div class=\"elementor-widget-container\">\n\t\t\t<link rel=\"stylesheet\" href=\"https:\/\/senniaf.gob.pa\/wp-content\/plugins\/elementor\/assets\/css\/widget-icon-list.min.css\">\t\t<ul class=\"elementor-icon-list-items\">\n\t\t\t\t\t\t\t<li class=\"elementor-icon-list-item\">\n\t\t\t\t\t\t\t\t\t\t\t<span class=\"elementor-icon-list-icon\">\n\t\t\t\t\t\t\t<i aria-hidden=\"true\" class=\"fas fa-people-arrows\"><\/i>\t\t\t\t\t\t<\/span>\n\t\t\t\t\t\t\t\t\t\t<span class=\"elementor-icon-list-text\">Orientaci\u00f3n Familiar<\/span>\n\t\t\t\t\t\t\t\t\t<\/li>\n\t\t\t\t\t\t\t\t<li class=\"elementor-icon-list-item\">\n\t\t\t\t\t\t\t\t\t\t\t<span class=\"elementor-icon-list-icon\">\n\t\t\t\t\t\t\t<i aria-hidden=\"true\" class=\"fas fa-hand-holding-heart\"><\/i>\t\t\t\t\t\t<\/span>\n\t\t\t\t\t\t\t\t\t\t<span class=\"elementor-icon-list-text\">Trabajo Social Familiar<\/span>\n\t\t\t\t\t\t\t\t\t<\/li>\n\t\t\t\t\t\t\t\t<li class=\"elementor-icon-list-item\">\n\t\t\t\t\t\t\t\t\t\t\t<span class=\"elementor-icon-list-icon\">\n\t\t\t\t\t\t\t<i aria-hidden=\"true\" class=\"fas fa-users\"><\/i>\t\t\t\t\t\t<\/span>\n\t\t\t\t\t\t\t\t\t\t<span class=\"elementor-icon-list-text\">Orientaci\u00f3n Psicosocial<\/span>\n\t\t\t\t\t\t\t\t\t<\/li>\n\t\t\t\t\t\t\t\t<li class=\"elementor-icon-list-item\">\n\t\t\t\t\t\t\t\t\t\t\t<span class=\"elementor-icon-list-icon\">\n\t\t\t\t\t\t\t<i aria-hidden=\"true\" class=\"fas fa-edit\"><\/i>\t\t\t\t\t\t<\/span>\n\t\t\t\t\t\t\t\t\t\t<span class=\"elementor-icon-list-text\">Psicoeducaci\u00f3n<\/span>\n\t\t\t\t\t\t\t\t\t<\/li>\n\t\t\t\t\t\t\t\t<li class=\"elementor-icon-list-item\">\n\t\t\t\t\t\t\t\t\t\t\t<span class=\"elementor-icon-list-icon\">\n\t\t\t\t\t\t\t<i aria-hidden=\"true\" class=\"fab fa-elementor\"><\/i>\t\t\t\t\t\t<\/span>\n\t\t\t\t\t\t\t\t\t\t<span class=\"elementor-icon-list-text\">Referencia a programas sociales<\/span>\n\t\t\t\t\t\t\t\t\t<\/li>\n\t\t\t\t\t\t\t\t<li class=\"elementor-icon-list-item\">\n\t\t\t\t\t\t\t\t\t\t\t<span class=\"elementor-icon-list-icon\">\n\t\t\t\t\t\t\t<i aria-hidden=\"true\" class=\"fas fa-hands-helping\"><\/i>\t\t\t\t\t\t<\/span>\n\t\t\t\t\t\t\t\t\t\t<span class=\"elementor-icon-list-text\">Orientaci\u00f3n Legal<\/span>\n\t\t\t\t\t\t\t\t\t<\/li>\n\t\t\t\t\t\t\t\t<li class=\"elementor-icon-list-item\">\n\t\t\t\t\t\t\t\t\t\t\t<span class=\"elementor-icon-list-icon\">\n\t\t\t\t\t\t\t<i aria-hidden=\"true\" class=\"fas fa-cloud\"><\/i>\t\t\t\t\t\t<\/span>\n\t\t\t\t\t\t\t\t\t\t<span class=\"elementor-icon-list-text\">Articulaci\u00f3n Interinstitucional (Instituciones Gubernamentales y no Gubernamentales)<\/span>\n\t\t\t\t\t\t\t\t\t<\/li>\n\t\t\t\t\t\t<\/ul>\n\t\t\t\t<\/div>\n\t\t\t\t<\/div>\n\t\t\t\t\t<\/div>\n\t\t<\/div>\n\t\t\t\t\t<\/div>\n\t\t<\/section>\n\t\t\t\t<\/div>\n\t\t","protected":false},"excerpt":{"rendered":"<p>Objetivo:\u00a0 Ofrecer y activar la red de servicios p\u00fablicos y privados en el marco de una acci\u00f3n general de orientaci\u00f3n y fortalecimiento de las habilidades psicosociales de los ni\u00f1os, ni\u00f1as y adolescentes y sus familias para prevenir o detener los factores de vulnerabilidad y riesgo social. El Departamento de Atenci\u00f3n Preventiva tiene tres secciones\u00a0 administrativas [&hellip;]<\/p>\n","protected":false},"author":6,"featured_media":0,"parent":0,"menu_order":0,"comment_status":"closed","ping_status":"closed","template":"","meta":{"_exactmetrics_skip_tracking":false,"_exactmetrics_sitenote_active":false,"_exactmetrics_sitenote_note":"","_exactmetrics_sitenote_category":0,"_monsterinsights_skip_tracking":false,"_monsterinsights_sitenote_active":false,"_monsterinsights_sitenote_note":"","_monsterinsights_sitenote_category":0,"footnotes":""},"class_list":["post-23034","page","type-page","status-publish","hentry"],"aioseo_notices":[],"_links":{"self":[{"href":"https:\/\/senniaf.gob.pa\/index.php?rest_route=\/wp\/v2\/pages\/23034","targetHints":{"allow":["GET"]}}],"collection":[{"href":"https:\/\/senniaf.gob.pa\/index.php?rest_route=\/wp\/v2\/pages"}],"about":[{"href":"https:\/\/senniaf.gob.pa\/index.php?rest_route=\/wp\/v2\/types\/page"}],"author":[{"embeddable":true,"href":"https:\/\/senniaf.gob.pa\/index.php?rest_route=\/wp\/v2\/users\/6"}],"replies":[{"embeddable":true,"href":"https:\/\/senniaf.gob.pa\/index.php?rest_route=%2Fwp%2Fv2%2Fcomments&post=23034"}],"version-history":[{"count":114,"href":"https:\/\/senniaf.gob.pa\/index.php?rest_route=\/wp\/v2\/pages\/23034\/revisions"}],"predecessor-version":[{"id":23167,"href":"https:\/\/senniaf.gob.pa\/index.php?rest_route=\/wp\/v2\/pages\/23034\/revisions\/23167"}],"wp:attachment":[{"href":"https:\/\/senniaf.gob.pa\/index.php?rest_route=%2Fwp%2Fv2%2Fmedia&parent=23034"}],"curies":[{"name":"wp","href":"https:\/\/api.w.org\/{rel}","templated":true}]}}