{"id":23312,"date":"2026-05-08T15:56:57","date_gmt":"2026-05-08T15:56:57","guid":{"rendered":"https:\/\/senniaf.gob.pa\/?page_id=23312"},"modified":"2026-05-08T20:52:59","modified_gmt":"2026-05-08T20:52:59","slug":"manual-y-guias","status":"publish","type":"page","link":"https:\/\/senniaf.gob.pa\/?page_id=23312","title":{"rendered":"Manuales y Protocolos"},"content":{"rendered":"\t\t<div data-elementor-type=\"wp-page\" data-elementor-id=\"23312\" class=\"elementor elementor-23312\">\n\t\t\t\t\t\t<section class=\"elementor-section elementor-top-section elementor-element elementor-element-c6e457e elementor-section-boxed elementor-section-height-default elementor-section-height-default\" data-id=\"c6e457e\" data-element_type=\"section\">\n\t\t\t\t\t\t<div class=\"elementor-container elementor-column-gap-default\">\n\t\t\t\t\t<div class=\"elementor-column elementor-col-50 elementor-top-column elementor-element elementor-element-6a90740\" data-id=\"6a90740\" data-element_type=\"column\">\n\t\t\t<div class=\"elementor-widget-wrap elementor-element-populated\">\n\t\t\t\t\t\t<div class=\"elementor-element elementor-element-b3df8f0 elementor-widget elementor-widget-image\" data-id=\"b3df8f0\" data-element_type=\"widget\" data-widget_type=\"image.default\">\n\t\t\t\t<div class=\"elementor-widget-container\">\n\t\t\t<style>\/*! elementor - v3.23.0 - 05-08-2024 *\/\n.elementor-widget-image{text-align:center}.elementor-widget-image a{display:inline-block}.elementor-widget-image a img[src$=\".svg\"]{width:48px}.elementor-widget-image img{vertical-align:middle;display:inline-block}<\/style>\t\t\t\t\t\t\t<figure class=\"wp-caption\">\n\t\t\t\t\t\t\t\t\t\t<img fetchpriority=\"high\" decoding=\"async\" width=\"609\" height=\"741\" src=\"https:\/\/senniaf.gob.pa\/wp-content\/uploads\/2026\/05\/Manual-para-el-Fortalecimiento-VVS.jpg\" class=\"attachment-fusion-800 size-fusion-800 wp-image-23322\" alt=\"\" srcset=\"https:\/\/senniaf.gob.pa\/wp-content\/uploads\/2026\/05\/Manual-para-el-Fortalecimiento-VVS-200x243.jpg 200w, https:\/\/senniaf.gob.pa\/wp-content\/uploads\/2026\/05\/Manual-para-el-Fortalecimiento-VVS-247x300.jpg 247w, https:\/\/senniaf.gob.pa\/wp-content\/uploads\/2026\/05\/Manual-para-el-Fortalecimiento-VVS-400x487.jpg 400w, https:\/\/senniaf.gob.pa\/wp-content\/uploads\/2026\/05\/Manual-para-el-Fortalecimiento-VVS-600x730.jpg 600w, https:\/\/senniaf.gob.pa\/wp-content\/uploads\/2026\/05\/Manual-para-el-Fortalecimiento-VVS.jpg 609w\" sizes=\"(max-width: 609px) 100vw, 609px\" \/>\t\t\t\t\t\t\t\t\t\t\t<figcaption class=\"widget-image-caption wp-caption-text\">Manual para el Fortalecimiento de Familias con Ni\u00f1os, Ni\u00f1as y Adolescentes Victimas Sobrevivientes de Agreci\u00f3n Sexual<\/figcaption>\n\t\t\t\t\t\t\t\t\t\t<\/figure>\n\t\t\t\t\t\t\t<\/div>\n\t\t\t\t<\/div>\n\t\t\t\t\t<\/div>\n\t\t<\/div>\n\t\t\t\t<div class=\"elementor-column elementor-col-50 elementor-top-column elementor-element elementor-element-9709ca7\" data-id=\"9709ca7\" data-element_type=\"column\">\n\t\t\t<div class=\"elementor-widget-wrap elementor-element-populated\">\n\t\t\t\t\t\t<div class=\"elementor-element elementor-element-a04ab6c elementor-widget elementor-widget-image\" data-id=\"a04ab6c\" data-element_type=\"widget\" data-widget_type=\"image.default\">\n\t\t\t\t<div class=\"elementor-widget-container\">\n\t\t\t\t\t\t\t\t\t\t<figure class=\"wp-caption\">\n\t\t\t\t\t\t\t\t\t\t\t<a href=\"https:\/\/senniaf.gob.pa\/wp-content\/uploads\/2022\/02\/Manual-para-el-tratamiento-NNA-v\u00edctimas-violencia-sexual.pdf\">\n\t\t\t\t\t\t\t<img decoding=\"async\" width=\"682\" height=\"832\" src=\"https:\/\/senniaf.gob.pa\/wp-content\/uploads\/2026\/05\/Manual-para-el-tratamiento-de-VVS-2.jpg\" class=\"attachment-fusion-800 size-fusion-800 wp-image-23341\" alt=\"\" srcset=\"https:\/\/senniaf.gob.pa\/wp-content\/uploads\/2026\/05\/Manual-para-el-tratamiento-de-VVS-2-200x244.jpg 200w, https:\/\/senniaf.gob.pa\/wp-content\/uploads\/2026\/05\/Manual-para-el-tratamiento-de-VVS-2-246x300.jpg 246w, https:\/\/senniaf.gob.pa\/wp-content\/uploads\/2026\/05\/Manual-para-el-tratamiento-de-VVS-2-400x488.jpg 400w, https:\/\/senniaf.gob.pa\/wp-content\/uploads\/2026\/05\/Manual-para-el-tratamiento-de-VVS-2-600x732.jpg 600w, https:\/\/senniaf.gob.pa\/wp-content\/uploads\/2026\/05\/Manual-para-el-tratamiento-de-VVS-2.jpg 682w\" sizes=\"(max-width: 682px) 100vw, 682px\" \/>\t\t\t\t\t\t\t\t<\/a>\n\t\t\t\t\t\t\t\t\t\t\t<figcaption class=\"widget-image-caption wp-caption-text\">Manual  para el Tratamiento de Ni\u00f1os, Ni\u00f1as y Adolescentes Victimas Sobrevivientes de Agresiones Sexual<\/figcaption>\n\t\t\t\t\t\t\t\t\t\t<\/figure>\n\t\t\t\t\t\t\t<\/div>\n\t\t\t\t<\/div>\n\t\t\t\t\t<\/div>\n\t\t<\/div>\n\t\t\t\t\t<\/div>\n\t\t<\/section>\n\t\t\t\t<section class=\"elementor-section elementor-top-section elementor-element elementor-element-335e1e2 elementor-section-boxed elementor-section-height-default elementor-section-height-default\" data-id=\"335e1e2\" data-element_type=\"section\">\n\t\t\t\t\t\t<div class=\"elementor-container elementor-column-gap-default\">\n\t\t\t\t\t<div class=\"elementor-column elementor-col-50 elementor-top-column elementor-element elementor-element-dee2411\" data-id=\"dee2411\" data-element_type=\"column\">\n\t\t\t<div class=\"elementor-widget-wrap elementor-element-populated\">\n\t\t\t\t\t\t<div class=\"elementor-element elementor-element-2263efd elementor-widget elementor-widget-image\" data-id=\"2263efd\" data-element_type=\"widget\" data-widget_type=\"image.default\">\n\t\t\t\t<div class=\"elementor-widget-container\">\n\t\t\t\t\t\t\t\t\t\t<figure class=\"wp-caption\">\n\t\t\t\t\t\t\t\t\t\t\t<a href=\"https:\/\/senniaf.gob.pa\/wp-content\/uploads\/2025\/04\/PROTOCOLO-PARA-LA-IDENTIFICACION-Y-ATENCION-A-NINOS-NO-ACOMPANADOS.pdf\">\n\t\t\t\t\t\t\t<img decoding=\"async\" width=\"448\" height=\"634\" src=\"https:\/\/senniaf.gob.pa\/wp-content\/uploads\/2026\/05\/Protocolo-para-la-identificacion-y-atencion-de-NNA-no-acompanados.jpg\" class=\"attachment-fusion-800 size-fusion-800 wp-image-23347\" alt=\"\" srcset=\"https:\/\/senniaf.gob.pa\/wp-content\/uploads\/2026\/05\/Protocolo-para-la-identificacion-y-atencion-de-NNA-no-acompanados-200x283.jpg 200w, https:\/\/senniaf.gob.pa\/wp-content\/uploads\/2026\/05\/Protocolo-para-la-identificacion-y-atencion-de-NNA-no-acompanados-212x300.jpg 212w, https:\/\/senniaf.gob.pa\/wp-content\/uploads\/2026\/05\/Protocolo-para-la-identificacion-y-atencion-de-NNA-no-acompanados-400x566.jpg 400w, https:\/\/senniaf.gob.pa\/wp-content\/uploads\/2026\/05\/Protocolo-para-la-identificacion-y-atencion-de-NNA-no-acompanados.jpg 448w\" sizes=\"(max-width: 448px) 100vw, 448px\" \/>\t\t\t\t\t\t\t\t<\/a>\n\t\t\t\t\t\t\t\t\t\t\t<figcaption class=\"widget-image-caption wp-caption-text\">Protocolo para la identificaci\u00f3n y Atenci\u00f3n a Ni\u00f1os, Ni\u00f1as y Adolescentes no acompa\u00f1ados Y\/o Separados en Contexto de Movilidad Humana en Panam\u00e1<\/figcaption>\n\t\t\t\t\t\t\t\t\t\t<\/figure>\n\t\t\t\t\t\t\t<\/div>\n\t\t\t\t<\/div>\n\t\t\t\t\t<\/div>\n\t\t<\/div>\n\t\t\t\t<div class=\"elementor-column elementor-col-50 elementor-top-column elementor-element elementor-element-b242816\" data-id=\"b242816\" data-element_type=\"column\">\n\t\t\t<div class=\"elementor-widget-wrap\">\n\t\t\t\t\t\t\t<\/div>\n\t\t<\/div>\n\t\t\t\t\t<\/div>\n\t\t<\/section>\n\t\t\t\t<\/div>\n\t\t","protected":false},"excerpt":{"rendered":"","protected":false},"author":6,"featured_media":0,"parent":0,"menu_order":0,"comment_status":"closed","ping_status":"closed","template":"","meta":{"_exactmetrics_skip_tracking":false,"_exactmetrics_sitenote_active":false,"_exactmetrics_sitenote_note":"","_exactmetrics_sitenote_category":0,"_monsterinsights_skip_tracking":false,"_monsterinsights_sitenote_active":false,"_monsterinsights_sitenote_note":"","_monsterinsights_sitenote_category":0,"footnotes":""},"class_list":["post-23312","page","type-page","status-publish","hentry"],"aioseo_notices":[],"_links":{"self":[{"href":"https:\/\/senniaf.gob.pa\/index.php?rest_route=\/wp\/v2\/pages\/23312","targetHints":{"allow":["GET"]}}],"collection":[{"href":"https:\/\/senniaf.gob.pa\/index.php?rest_route=\/wp\/v2\/pages"}],"about":[{"href":"https:\/\/senniaf.gob.pa\/index.php?rest_route=\/wp\/v2\/types\/page"}],"author":[{"embeddable":true,"href":"https:\/\/senniaf.gob.pa\/index.php?rest_route=\/wp\/v2\/users\/6"}],"replies":[{"embeddable":true,"href":"https:\/\/senniaf.gob.pa\/index.php?rest_route=%2Fwp%2Fv2%2Fcomments&post=23312"}],"version-history":[{"count":31,"href":"https:\/\/senniaf.gob.pa\/index.php?rest_route=\/wp\/v2\/pages\/23312\/revisions"}],"predecessor-version":[{"id":23353,"href":"https:\/\/senniaf.gob.pa\/index.php?rest_route=\/wp\/v2\/pages\/23312\/revisions\/23353"}],"wp:attachment":[{"href":"https:\/\/senniaf.gob.pa\/index.php?rest_route=%2Fwp%2Fv2%2Fmedia&parent=23312"}],"curies":[{"name":"wp","href":"https:\/\/api.w.org\/{rel}","templated":true}]}}