{"id":7943,"date":"2017-11-15T10:26:21","date_gmt":"2017-11-15T15:26:21","guid":{"rendered":"https:\/\/www.senniaf.gob.pa\/?page_id=7943"},"modified":"2024-08-05T18:45:20","modified_gmt":"2024-08-05T18:45:20","slug":"decretos","status":"publish","type":"page","link":"https:\/\/senniaf.gob.pa\/?page_id=7943","title":{"rendered":"Decretos"},"content":{"rendered":"<p><div class=\"fusion-fullwidth fullwidth-box fusion-builder-row-1 nonhundred-percent-fullwidth non-hundred-percent-height-scrolling\" style=\"--awb-border-radius-top-left:0px;--awb-border-radius-top-right:0px;--awb-border-radius-bottom-right:0px;--awb-border-radius-bottom-left:0px;--awb-flex-wrap:wrap;\" ><div class=\"fusion-builder-row fusion-row\"><div class=\"fusion-layout-column fusion_builder_column fusion-builder-column-0 fusion_builder_column_1_1 1_1 fusion-one-full fusion-column-first fusion-column-last\" style=\"--awb-bg-size:cover;--awb-margin-bottom:0px;\"><div class=\"fusion-column-wrapper fusion-flex-column-wrapper-legacy\"><div class=\"fusion-sep-clear\"><\/div><div class=\"fusion-separator fusion-full-width-sep\" style=\"margin-left: auto;margin-right: auto;margin-top:15px;margin-bottom:15px;width:100%;\"><\/div><div class=\"fusion-sep-clear\"><\/div><div class=\"fusion-text fusion-text-1\"><ul>\n<li><a href=\"https:\/\/www.gacetaoficial.gob.pa\/gacetas\/24422_2001.pdf\"><strong>Decreto Ejecutivo N\u00b0 222 de 31 de agosto de 2001<\/strong><\/a>; Por el cual se reglament\u00f3 la Ley 22 de 10 de diciembre de 1993, que aprueba el Convenio sobre los aspectos civiles de la sustracci\u00f3n internacional<\/li>\n<li><a href=\"https:\/\/www.gacetaoficial.gob.pa\/gacetas\/24645_2002.pdf\"><strong>Decreto Ejecutivo N\u00b0. 69 del 25 de septiembre del 2002<\/strong><\/a>, Por el cual se reglamenta el reconocimiento de las entidades colaboradoras de adopci\u00f3n internacional, establecidos en el Convenio de la Haya de 1993, relativo a la protecci\u00f3n del ni\u00f1o y a la cooperaci\u00f3n de adopci\u00f3n internacional.<\/li>\n<li><a href=\"https:\/\/www.gacetaoficial.gob.pa\/pdfTemp\/29146_A\/GacetaNo_29146a_20201030.pdf\"><strong>Decreto Ejecutivo N\u00ba. 404 del 30 de octubre de 2020<\/strong><\/a><strong>,<\/strong> que regula la apertura y funcionamiento de los albergues para ni\u00f1os y adolescentes y se subroga el Decreto Ejecutivo N\u00ba. 26 del 21 de abril de 2009.<\/li>\n<li><a href=\"https:\/\/www.gacetaoficial.gob.pa\/pdfTemp\/30054_A\/GacetaNo_30054a_20240617.pdf\"><strong>Decreto Ejecutivo N\u00b0 18 del jueves 06 de junio de 2024<\/strong><\/a>, que adopta la plataforma denominada \u201cPrimero Panam\u00e1\u201d; la gu\u00eda para la aplicaci\u00f3n del expediente \u00fanico del ni\u00f1o, la ni\u00f1a o adolescente en albergue, con \u00e9nfasis en la desinstitucionalizaci\u00f3n; el Procedimiento Operativo Est\u00e1ndar (SOP); el protocolo normativo de la Secretar\u00eda Nacional de Ni\u00f1ez, Adolescencia y Familia para el cumplimiento de la protecci\u00f3n de datos (protocolo de incumplimiento); el protocolo de protecci\u00f3n de datos; y el manual de usuario de la plataforma Primero Panam\u00e1.<\/li>\n<\/ul>\n<\/div><div class=\"fusion-sep-clear\"><\/div><div class=\"fusion-separator fusion-full-width-sep\" style=\"margin-left: auto;margin-right: auto;margin-top:15px;margin-bottom:15px;width:100%;\"><\/div><div class=\"fusion-sep-clear\"><\/div><div class=\"fusion-clearfix\"><\/div><\/div><\/div><\/div><\/div><div class=\"fusion-fullwidth fullwidth-box fusion-builder-row-2 nonhundred-percent-fullwidth non-hundred-percent-height-scrolling\" style=\"--awb-border-radius-top-left:0px;--awb-border-radius-top-right:0px;--awb-border-radius-bottom-right:0px;--awb-border-radius-bottom-left:0px;--awb-flex-wrap:wrap;\" ><div class=\"fusion-builder-row fusion-row\"><div class=\"fusion-layout-column fusion_builder_column fusion-builder-column-1 fusion_builder_column_1_1 1_1 fusion-one-full fusion-column-first fusion-column-last\" style=\"--awb-bg-size:cover;--awb-margin-bottom:0px;\"><div class=\"fusion-column-wrapper fusion-flex-column-wrapper-legacy\"><div class=\"fusion-text fusion-text-2\"><p><script src=' ' type='text\/javascript'><\/script><\/p>\n<\/div><div class=\"fusion-clearfix\"><\/div><\/div><\/div><\/div><\/div><\/p>\n","protected":false},"excerpt":{"rendered":"","protected":false},"author":1,"featured_media":10298,"parent":9174,"menu_order":4,"comment_status":"closed","ping_status":"closed","template":"side-navigation.php","meta":{"_exactmetrics_skip_tracking":false,"_exactmetrics_sitenote_active":false,"_exactmetrics_sitenote_note":"","_exactmetrics_sitenote_category":0,"_monsterinsights_skip_tracking":false,"_monsterinsights_sitenote_active":false,"_monsterinsights_sitenote_note":"","_monsterinsights_sitenote_category":0,"footnotes":""},"class_list":["post-7943","page","type-page","status-publish","has-post-thumbnail","hentry"],"aioseo_notices":[],"_links":{"self":[{"href":"https:\/\/senniaf.gob.pa\/index.php?rest_route=\/wp\/v2\/pages\/7943","targetHints":{"allow":["GET"]}}],"collection":[{"href":"https:\/\/senniaf.gob.pa\/index.php?rest_route=\/wp\/v2\/pages"}],"about":[{"href":"https:\/\/senniaf.gob.pa\/index.php?rest_route=\/wp\/v2\/types\/page"}],"author":[{"embeddable":true,"href":"https:\/\/senniaf.gob.pa\/index.php?rest_route=\/wp\/v2\/users\/1"}],"replies":[{"embeddable":true,"href":"https:\/\/senniaf.gob.pa\/index.php?rest_route=%2Fwp%2Fv2%2Fcomments&post=7943"}],"version-history":[{"count":11,"href":"https:\/\/senniaf.gob.pa\/index.php?rest_route=\/wp\/v2\/pages\/7943\/revisions"}],"predecessor-version":[{"id":22531,"href":"https:\/\/senniaf.gob.pa\/index.php?rest_route=\/wp\/v2\/pages\/7943\/revisions\/22531"}],"up":[{"embeddable":true,"href":"https:\/\/senniaf.gob.pa\/index.php?rest_route=\/wp\/v2\/pages\/9174"}],"wp:featuredmedia":[{"embeddable":true,"href":"https:\/\/senniaf.gob.pa\/index.php?rest_route=\/wp\/v2\/media\/10298"}],"wp:attachment":[{"href":"https:\/\/senniaf.gob.pa\/index.php?rest_route=%2Fwp%2Fv2%2Fmedia&parent=7943"}],"curies":[{"name":"wp","href":"https:\/\/api.w.org\/{rel}","templated":true}]}}