{"id":9167,"date":"2014-10-19T04:01:59","date_gmt":"2014-10-19T04:01:59","guid":{"rendered":"https:\/\/www.senniaf.gob.pa\/?page_id=6"},"modified":"2026-04-13T20:35:42","modified_gmt":"2026-04-13T20:35:42","slug":"la-institucion","status":"publish","type":"page","link":"https:\/\/senniaf.gob.pa\/?page_id=9167","title":{"rendered":"La instituci\u00f3n"},"content":{"rendered":"<p><div class=\"fusion-fullwidth fullwidth-box fusion-builder-row-1 nonhundred-percent-fullwidth non-hundred-percent-height-scrolling fusion-equal-height-columns\" style=\"--awb-border-radius-top-left:0px;--awb-border-radius-top-right:0px;--awb-border-radius-bottom-right:0px;--awb-border-radius-bottom-left:0px;--awb-flex-wrap:wrap;\" ><div class=\"fusion-builder-row fusion-row\"><div class=\"fusion-layout-column fusion_builder_column fusion-builder-column-0 fusion_builder_column_2_3 2_3 fusion-two-third fusion-column-first\" style=\"--awb-bg-size:cover;width:66.666666666667%;width:calc(66.666666666667% - ( ( 4% ) * 0.66666666666667 ) );margin-right: 4%;\"><div class=\"fusion-column-wrapper fusion-flex-column-wrapper-legacy\"><div class=\"fusion-text fusion-text-1\"><p>La Secretar\u00eda Nacional de Ni\u00f1ez, Adolescencia y Familia, es una entidad p\u00fablica descentralizada y especializada del Estado, con personer\u00eda jur\u00eddica, patrimonio propio y autonom\u00eda administrativa, presupuestaria, financiera, t\u00e9cnica y de gesti\u00f3n, \u00a0responsable de coordinar, articular, ejecutar y dar seguimiento al cumplimiento de las pol\u00edticas de protecci\u00f3n integral de los derechos de la ni\u00f1ez y la adolescencia, creada mediante Ley N\u00b014 del 23 de enero de 2009.<\/p>\n<\/div><div class=\"fusion-title title fusion-title-1 sep-underline sep-solid fusion-title-text fusion-title-size-two\"><h2 class=\"fusion-title-heading title-heading-left\" style=\"margin:0;\">Nuestros Objetivos Institucionales<\/h2><\/div><div class=\"fusion-text fusion-text-2\"><ul style=\"text-align: justify;\">\n<li>Fortalecer la institucionalidad del sistema de protecci\u00f3n integral de acuerdo a las competencias y atribuciones establecidas en la Constituci\u00f3n Pol\u00edtica y las leyes, a trav\u00e9s de la coordinaci\u00f3n, articulaci\u00f3n, ejecuci\u00f3n y seguimiento de pol\u00edticas, planes, programas, proyectos, acciones y medidas para la protecci\u00f3n de los derechos de la ni\u00f1ez y adolescencia.<\/li>\n<li>Fungir como Autoridad Central en materia de adopciones nacionales e internacionales, conforme a lo establecido en los instrumentos jur\u00eddicos internacionales ratificados por la Rep\u00fablica de Panam\u00e1 y normas nacionales que regulen la materia.<\/li>\n<li>Fortalecer las capacidades de las familias, mediante el desarrollo de programas, proyectos y acciones de apoyo, para que estas asuman adecuadamente sus responsabilidades y obligaciones ante los ni\u00f1os, ni\u00f1as y adolescentes de manera de asegurar el disfrute pleno de sus derechos humanos y la exigencia de sus deberes.<\/li>\n<li>Contribuir a cimentar una cultura nacional de respeto, salvaguarda y tolerancia hacia la poblaci\u00f3n infantil, a trav\u00e9s de generar entre la poblaci\u00f3n en general el entendimiento, conocimiento, aplicaci\u00f3n, ejercicio y cumplimiento de los derechos de las ni\u00f1as, ni\u00f1os y adolescentes se\u00f1alados por la \u201cConvenci\u00f3n sobre los Derechos del Ni\u00f1o\u201d<\/li>\n<\/ul>\n<\/div><div class=\"fusion-clearfix\"><\/div><\/div><\/div><div class=\"fusion-layout-column fusion_builder_column fusion-builder-column-1 fusion_builder_column_1_3 1_3 fusion-one-third fusion-column-last\" style=\"--awb-bg-size:cover;width:33.333333333333%;width:calc(33.333333333333% - ( ( 4% ) * 0.33333333333333 ) );\"><div class=\"fusion-column-wrapper fusion-flex-column-wrapper-legacy\"><div class=\"fusion-image-element fusion-image-align-center in-legacy-container\" style=\"text-align:center;--awb-caption-title-font-family:var(--h2_typography-font-family);--awb-caption-title-font-weight:var(--h2_typography-font-weight);--awb-caption-title-font-style:var(--h2_typography-font-style);--awb-caption-title-size:var(--h2_typography-font-size);--awb-caption-title-transform:var(--h2_typography-text-transform);--awb-caption-title-line-height:var(--h2_typography-line-height);--awb-caption-title-letter-spacing:var(--h2_typography-letter-spacing);\"><div class=\"imageframe-align-center\"><span class=\" fusion-imageframe imageframe-none imageframe-1 hover-type-none\"><a class=\"fusion-no-lightbox\" href=\"https:\/\/senniaf.gob.pa\/wp-content\/uploads\/2026\/04\/Memoria-2025.jpg\" target=\"_self\" aria-label=\"Memoria 2025\"><img fetchpriority=\"high\" fetchpriority=\"high\" decoding=\"async\" width=\"451\" height=\"595\" src=\"https:\/\/senniaf.gob.pa\/wp-content\/uploads\/2026\/04\/Memoria-2025.jpg\" alt class=\"img-responsive wp-image-22861\" srcset=\"https:\/\/senniaf.gob.pa\/wp-content\/uploads\/2026\/04\/Memoria-2025-200x264.jpg 200w, https:\/\/senniaf.gob.pa\/wp-content\/uploads\/2026\/04\/Memoria-2025-400x528.jpg 400w, https:\/\/senniaf.gob.pa\/wp-content\/uploads\/2026\/04\/Memoria-2025.jpg 451w\" sizes=\"(max-width: 800px) 100vw, 400px\" \/><\/a><\/span><\/div><\/div><div class=\"fusion-aligncenter\"><a class=\"fusion-button button-flat button-xlarge button-custom fusion-button-default button-1 fusion-button-default-span \" style=\"--button_accent_color:#ffffff;--button_accent_hover_color:#ffffff;--button_border_hover_color:#ffffff;--button_gradient_top_color:#114b5f;--button_gradient_bottom_color:#114b5f;--button_gradient_top_color_hover:#607b7d;--button_gradient_bottom_color_hover:#607b7d;--button_text_transform:uppercase;\" target=\"_blank\" rel=\"noopener noreferrer\" href=\"https:\/\/senniaf.gob.pa\/wp-content\/uploads\/2026\/04\/MEMORIA-INSTITUCIONAL-2025-completa-1.pdf\"><span class=\"fusion-button-icon-divider button-icon-divider-left\"><i class=\"fa-download fas\" aria-hidden=\"true\"><\/i><\/span><span class=\"fusion-button-text fusion-button-text-left\">Descargar Memoria Institucional 2025<\/span><\/a><\/div><div class=\"fusion-clearfix\"><\/div><\/div><\/div><\/div><\/div><div class=\"fusion-fullwidth fullwidth-box fusion-builder-row-2 nonhundred-percent-fullwidth non-hundred-percent-height-scrolling\" style=\"--awb-border-radius-top-left:0px;--awb-border-radius-top-right:0px;--awb-border-radius-bottom-right:0px;--awb-border-radius-bottom-left:0px;--awb-flex-wrap:wrap;\" ><div class=\"fusion-builder-row fusion-row\"><div class=\"fusion-layout-column fusion_builder_column fusion-builder-column-2 fusion_builder_column_1_1 1_1 fusion-one-full fusion-column-first fusion-column-last\" style=\"--awb-bg-size:cover;--awb-margin-bottom:0px;\"><div class=\"fusion-column-wrapper fusion-flex-column-wrapper-legacy\"><div class=\"fusion-tabs fusion-tabs-1 classic nav-is-justified horizontal-tabs icon-position-left mobile-mode-accordion\" style=\"--awb-title-border-radius-top-left:0px;--awb-title-border-radius-top-right:0px;--awb-title-border-radius-bottom-right:0px;--awb-title-border-radius-bottom-left:0px;--awb-inactive-color:#f1f2f2;--awb-background-color:#ffffff;--awb-border-color:#ebeaea;--awb-active-border-color:#1358a0;\"><div class=\"nav\"><ul class=\"nav-tabs nav-justified\" role=\"tablist\"><li class=\"active\" role=\"presentation\"><a class=\"tab-link\" data-toggle=\"tab\" role=\"tab\" aria-controls=\"tab-ef41582fad6328d2693\" aria-selected=\"true\" id=\"fusion-tab-misi\u00f3n\" href=\"#tab-ef41582fad6328d2693\"><h4 class=\"fusion-tab-heading\"><i class=\"fontawesome-icon fa fa-caret-right\" aria-hidden=\"true\" style=\"font-size:13px;\"><\/i>Misi\u00f3n<\/h4><\/a><\/li><li role=\"presentation\"><a class=\"tab-link\" data-toggle=\"tab\" role=\"tab\" aria-controls=\"tab-6dbd854074d1fdb8ccc\" aria-selected=\"false\" tabindex=\"-1\" id=\"fusion-tab-visi\u00f3n\" href=\"#tab-6dbd854074d1fdb8ccc\"><h4 class=\"fusion-tab-heading\"><i class=\"fontawesome-icon fa fa-caret-right\" aria-hidden=\"true\" style=\"font-size:13px;\"><\/i>Visi\u00f3n<\/h4><\/a><\/li><li role=\"presentation\"><a class=\"tab-link\" data-toggle=\"tab\" role=\"tab\" aria-controls=\"tab-84d69706abf70e25915\" aria-selected=\"false\" tabindex=\"-1\" id=\"fusion-tab-valores\" href=\"#tab-84d69706abf70e25915\"><h4 class=\"fusion-tab-heading\"><i class=\"fontawesome-icon fa fa-caret-right\" aria-hidden=\"true\" style=\"font-size:13px;\"><\/i>Valores<\/h4><\/a><\/li><li role=\"presentation\"><a class=\"tab-link\" data-toggle=\"tab\" role=\"tab\" aria-controls=\"tab-b2e9645e1dc4d980ad9\" aria-selected=\"false\" tabindex=\"-1\" id=\"fusion-tab-antecedentes\" href=\"#tab-b2e9645e1dc4d980ad9\"><h4 class=\"fusion-tab-heading\"><i class=\"fontawesome-icon fa fa-caret-right\" aria-hidden=\"true\" style=\"font-size:13px;\"><\/i>Antecedentes<\/h4><\/a><\/li><\/ul><\/div><div class=\"tab-content\"><div class=\"nav fusion-mobile-tab-nav\"><ul class=\"nav-tabs nav-justified\" role=\"tablist\"><li class=\"active\" role=\"presentation\"><a class=\"tab-link\" data-toggle=\"tab\" role=\"tab\" aria-controls=\"tab-ef41582fad6328d2693\" aria-selected=\"true\" id=\"mobile-fusion-tab-misi\u00f3n\" href=\"#tab-ef41582fad6328d2693\"><h4 class=\"fusion-tab-heading\"><i class=\"fontawesome-icon fa fa-caret-right\" aria-hidden=\"true\" style=\"font-size:13px;\"><\/i>Misi\u00f3n<\/h4><\/a><\/li><\/ul><\/div><div class=\"tab-pane fade fusion-clearfix in active\" role=\"tabpanel\" tabindex=\"0\" aria-labelledby=\"fusion-tab-misi\u00f3n\" id=\"tab-ef41582fad6328d2693\">\n<p>Coordinar, articular, ejecutar y dar seguimiento al cumplimiento de las pol\u00edticas de protecci\u00f3n integral de los derechos de la ni\u00f1ez y adolescencia, a trav\u00e9s de la formulaci\u00f3n de planes, programas y medidas de protecci\u00f3n; con la participaci\u00f3n de entidades p\u00fablicas, organismos privados y la corresponsabilidad de la familia y la sociedad organizada.<\/p>\n<\/div><div class=\"nav fusion-mobile-tab-nav\"><ul class=\"nav-tabs nav-justified\" role=\"tablist\"><li role=\"presentation\"><a class=\"tab-link\" data-toggle=\"tab\" role=\"tab\" aria-controls=\"tab-6dbd854074d1fdb8ccc\" aria-selected=\"false\" tabindex=\"-1\" id=\"mobile-fusion-tab-visi\u00f3n\" href=\"#tab-6dbd854074d1fdb8ccc\"><h4 class=\"fusion-tab-heading\"><i class=\"fontawesome-icon fa fa-caret-right\" aria-hidden=\"true\" style=\"font-size:13px;\"><\/i>Visi\u00f3n<\/h4><\/a><\/li><\/ul><\/div><div class=\"tab-pane fade fusion-clearfix\" role=\"tabpanel\" tabindex=\"0\" aria-labelledby=\"fusion-tab-visi\u00f3n\" id=\"tab-6dbd854074d1fdb8ccc\">\n<p>Ser reconocida como una entidad p\u00fablica fortalecida dentro del Sistema de Protecci\u00f3n Integral, con presencia en cada una de las provincias de la Rep\u00fablica, articulando los esfuerzos de todos los integrantes del sistema, para contribuir al pleno desarrollo de la Ni\u00f1ez y la Adolescencia, con un equipo de trabajo competente y comprometido para cumplir con los mandatos constitucionales y de los convenios internacionales que en materia de derechos de la ni\u00f1ez y adolescencia haya adquirido la Rep\u00fablica de Panam\u00e1.<\/p>\n<\/div><div class=\"nav fusion-mobile-tab-nav\"><ul class=\"nav-tabs nav-justified\" role=\"tablist\"><li role=\"presentation\"><a class=\"tab-link\" data-toggle=\"tab\" role=\"tab\" aria-controls=\"tab-84d69706abf70e25915\" aria-selected=\"false\" tabindex=\"-1\" id=\"mobile-fusion-tab-valores\" href=\"#tab-84d69706abf70e25915\"><h4 class=\"fusion-tab-heading\"><i class=\"fontawesome-icon fa fa-caret-right\" aria-hidden=\"true\" style=\"font-size:13px;\"><\/i>Valores<\/h4><\/a><\/li><\/ul><\/div><div class=\"tab-pane fade fusion-clearfix\" role=\"tabpanel\" tabindex=\"0\" aria-labelledby=\"fusion-tab-valores\" id=\"tab-84d69706abf70e25915\">\n<p>Con el fin de generar una cultura organizacional que asegure un comportamiento \u00e9tico y basado en derechos, de todos los integrantes de la Secretaria Nacional de Ni\u00f1ez, adolescencia y Familia, se adoptan los siguientes valores: Respeto a los derechos humanos, Honestidad y transparencia, Responsabilidad social, \u00c9tica profesional y Productividad, eficiencia y eficacia.<\/p>\n<\/div><div class=\"nav fusion-mobile-tab-nav\"><ul class=\"nav-tabs nav-justified\" role=\"tablist\"><li role=\"presentation\"><a class=\"tab-link\" data-toggle=\"tab\" role=\"tab\" aria-controls=\"tab-b2e9645e1dc4d980ad9\" aria-selected=\"false\" tabindex=\"-1\" id=\"mobile-fusion-tab-antecedentes\" href=\"#tab-b2e9645e1dc4d980ad9\"><h4 class=\"fusion-tab-heading\"><i class=\"fontawesome-icon fa fa-caret-right\" aria-hidden=\"true\" style=\"font-size:13px;\"><\/i>Antecedentes<\/h4><\/a><\/li><\/ul><\/div><div class=\"tab-pane fade fusion-clearfix\" role=\"tabpanel\" tabindex=\"0\" aria-labelledby=\"fusion-tab-antecedentes\" id=\"tab-b2e9645e1dc4d980ad9\">\n<p>Desde la Direcci\u00f3n Nacional de Ni\u00f1ez, Adolescencia y Adopciones del Ministerio de Desarrollo Social se ejecutaban programas de protecci\u00f3n a la ni\u00f1ez, sin embargo, era necesario construir una entidad que promoviera la integralidad de actores y acciones sociales para la atenci\u00f3n efectiva de los problemas de la Ni\u00f1ez.<\/p>\n<\/div><\/div><\/div><div class=\"fusion-clearfix\"><\/div><\/div><\/div><div class=\"fusion-layout-column fusion_builder_column fusion-builder-column-3 fusion_builder_column_2_5 2_5 fusion-two-fifth fusion-column-first\" style=\"--awb-bg-size:cover;width:40%;width:calc(40% - ( ( 4% ) * 0.4 ) );margin-right: 4%;\"><div class=\"fusion-column-wrapper fusion-flex-column-wrapper-legacy\"><div class=\"fusion-title title fusion-title-2 sep-underline sep-solid fusion-title-text fusion-title-size-two\"><h2 class=\"fusion-title-heading title-heading-left\" style=\"margin:0;\">Estructura Organizacional<\/h2><\/div><div class=\"fusion-clearfix\"><\/div><\/div><\/div><div class=\"fusion-layout-column fusion_builder_column fusion-builder-column-4 fusion_builder_column_3_5 3_5 fusion-three-fifth fusion-column-last\" style=\"--awb-bg-size:cover;width:60%;width:calc(60% - ( ( 4% ) * 0.6 ) );\"><div class=\"fusion-column-wrapper fusion-flex-column-wrapper-legacy\"><div class=\"fusion-title title fusion-title-3 sep-underline sep-solid fusion-title-text fusion-title-size-two\"><h2 class=\"fusion-title-heading title-heading-left\" style=\"margin:0;\">Autoridades<\/h2><\/div><div class=\"fusion-builder-row fusion-builder-row-inner fusion-row\"><div class=\"fusion-layout-column fusion_builder_column_inner fusion-builder-nested-column-0 fusion_builder_column_inner_1_3 1_3 fusion-one-third fusion-column-first\" style=\"--awb-bg-size:cover;width:33.333333333333%;width:calc(33.333333333333% - ( ( 4% + 4% ) * 0.33333333333333 ) );margin-right: 4%;\"><div class=\"fusion-column-wrapper fusion-flex-column-wrapper-legacy\"><div class=\"fusion-person person fusion-person-center fusion-person-1 fusion-person-icon-top\" style=\"--awb-pic-style-color:#000000;--awb-pic-borderradius:6px;--awb-margin-top:0px;--awb-margin-right:0px;--awb-margin-bottom:0px;--awb-margin-left:0px;--awb-social-box-border-top:0px;--awb-social-box-border-right:0px;--awb-social-box-border-bottom:0px;--awb-social-box-border-left:0px;--awb-social-box-border-color:var(--awb-color3);--awb-social-box-border-color-hover:var(--awb-color4);--awb-social-box-colors-hover:rgba(232,232,232,0.8);--awb-social-icon-boxed-colors:#e8e8e8;--awb-social-icon-colors:#bebdbd;--awb-social-icon-colors-hover:rgba(190,189,189,0.8);\"><div class=\"person-shortcode-image-wrapper\"><div class=\"person-image-container hover-type-none person-rounded-overflow\" style=\"-webkit-border-radius:6px;-moz-border-radius:6px;border-radius:6px;border:0px solid #f6f6f6;-webkit-border-radius:6px;-moz-border-radius:6px;border-radius:6px;\"><img decoding=\"async\" class=\"person-img img-responsive wp-image-22878\" width=\"1024\" height=\"1535\" src=\"https:\/\/senniaf.gob.pa\/wp-content\/uploads\/2026\/04\/foto-oficial-Presidente-Jose-Mulino.jpg\" alt=\"Excelent\u00edsimo Se\u00f1or Jos\u00e9 Ra\u00fal Mulino \" srcset=\"https:\/\/senniaf.gob.pa\/wp-content\/uploads\/2026\/04\/foto-oficial-Presidente-Jose-Mulino-200x300.jpg 200w, https:\/\/senniaf.gob.pa\/wp-content\/uploads\/2026\/04\/foto-oficial-Presidente-Jose-Mulino-400x600.jpg 400w, https:\/\/senniaf.gob.pa\/wp-content\/uploads\/2026\/04\/foto-oficial-Presidente-Jose-Mulino-600x899.jpg 600w, https:\/\/senniaf.gob.pa\/wp-content\/uploads\/2026\/04\/foto-oficial-Presidente-Jose-Mulino-800x1199.jpg 800w, https:\/\/senniaf.gob.pa\/wp-content\/uploads\/2026\/04\/foto-oficial-Presidente-Jose-Mulino.jpg 1024w\" sizes=\"(max-width: 800px) 100vw, 400px\" \/><\/div><\/div><div class=\"person-desc\"><div class=\"person-author\"><div class=\"person-author-wrapper\"><span class=\"person-name\">Excelent\u00edsimo Se\u00f1or Jos\u00e9 Ra\u00fal Mulino <\/span><span class=\"person-title\">Presidente de la Rep\u00fablica de Panam\u00e1<\/span><\/div><\/div><div class=\"person-content fusion-clearfix\"><\/div><\/div><\/div><div class=\"fusion-clearfix\"><\/div><\/div><\/div><div class=\"fusion-layout-column fusion_builder_column_inner fusion-builder-nested-column-1 fusion_builder_column_inner_1_3 1_3 fusion-one-third\" style=\"--awb-bg-size:cover;width:33.333333333333%;width:calc(33.333333333333% - ( ( 4% + 4% ) * 0.33333333333333 ) );margin-right: 4%;\"><div class=\"fusion-column-wrapper fusion-flex-column-wrapper-legacy\"><div class=\"fusion-person person fusion-person-center fusion-person-2 fusion-person-icon-top\" style=\"--awb-pic-style-color:#000000;--awb-pic-borderradius:6px;--awb-margin-top:0px;--awb-margin-right:0px;--awb-margin-bottom:0px;--awb-margin-left:0px;--awb-social-box-border-top:0px;--awb-social-box-border-right:0px;--awb-social-box-border-bottom:0px;--awb-social-box-border-left:0px;--awb-social-box-border-color:var(--awb-color3);--awb-social-box-border-color-hover:var(--awb-color4);--awb-social-box-colors-hover:rgba(232,232,232,0.8);--awb-social-icon-boxed-colors:#e8e8e8;--awb-social-icon-colors:#bebdbd;--awb-social-icon-colors-hover:rgba(190,189,189,0.8);\"><div class=\"person-shortcode-image-wrapper\"><div class=\"person-image-container hover-type-none person-rounded-overflow\" style=\"-webkit-border-radius:6px;-moz-border-radius:6px;border-radius:6px;border:0px solid #f6f6f6;-webkit-border-radius:6px;-moz-border-radius:6px;border-radius:6px;\"><img decoding=\"async\" class=\"person-img img-responsive wp-image-22624\" width=\"1707\" height=\"2560\" src=\"https:\/\/senniaf.gob.pa\/wp-content\/uploads\/2025\/05\/MINISTRA-MIDES-scaled.jpg\" alt=\"Licda. Beatriz Carles de Arango\" srcset=\"https:\/\/senniaf.gob.pa\/wp-content\/uploads\/2025\/05\/MINISTRA-MIDES-200x300.jpg 200w, https:\/\/senniaf.gob.pa\/wp-content\/uploads\/2025\/05\/MINISTRA-MIDES-400x600.jpg 400w, https:\/\/senniaf.gob.pa\/wp-content\/uploads\/2025\/05\/MINISTRA-MIDES-600x900.jpg 600w, https:\/\/senniaf.gob.pa\/wp-content\/uploads\/2025\/05\/MINISTRA-MIDES-800x1200.jpg 800w, https:\/\/senniaf.gob.pa\/wp-content\/uploads\/2025\/05\/MINISTRA-MIDES-1200x1800.jpg 1200w, https:\/\/senniaf.gob.pa\/wp-content\/uploads\/2025\/05\/MINISTRA-MIDES-scaled.jpg 1707w\" sizes=\"(max-width: 800px) 100vw, 400px\" \/><\/div><\/div><div class=\"person-desc\"><div class=\"person-author\"><div class=\"person-author-wrapper\"><span class=\"person-name\">Licda. Beatriz Carles de Arango<\/span><span class=\"person-title\">Ministra de Desarrollo Social<\/span><\/div><\/div><div class=\"person-content fusion-clearfix\"><\/div><\/div><\/div><div class=\"fusion-clearfix\"><\/div><\/div><\/div><div class=\"fusion-layout-column fusion_builder_column_inner fusion-builder-nested-column-2 fusion_builder_column_inner_1_3 1_3 fusion-one-third fusion-column-last\" style=\"--awb-bg-size:cover;width:33.333333333333%;width:calc(33.333333333333% - ( ( 4% + 4% ) * 0.33333333333333 ) );\"><div class=\"fusion-column-wrapper fusion-flex-column-wrapper-legacy\"><div class=\"fusion-person person fusion-person-center fusion-person-3 fusion-person-icon-top\" style=\"--awb-pic-style-color:#000000;--awb-pic-borderradius:6px;--awb-margin-top:0px;--awb-margin-right:0px;--awb-margin-bottom:0px;--awb-margin-left:0px;--awb-social-box-border-top:0px;--awb-social-box-border-right:0px;--awb-social-box-border-bottom:0px;--awb-social-box-border-left:0px;--awb-social-box-border-color:var(--awb-color3);--awb-social-box-border-color-hover:var(--awb-color4);--awb-social-box-colors-hover:rgba(232,232,232,0.8);--awb-social-icon-boxed-colors:#e8e8e8;--awb-social-icon-colors:#bebdbd;--awb-social-icon-colors-hover:rgba(190,189,189,0.8);\"><div class=\"person-shortcode-image-wrapper\"><div class=\"person-image-container hover-type-none person-rounded-overflow\" style=\"-webkit-border-radius:6px;-moz-border-radius:6px;border-radius:6px;border:0px solid #f6f6f6;-webkit-border-radius:6px;-moz-border-radius:6px;border-radius:6px;\"><img loading=\"lazy\" loading=\"lazy\" decoding=\"async\" class=\"person-img img-responsive wp-image-22937\" width=\"1828\" height=\"2560\" src=\"https:\/\/senniaf.gob.pa\/wp-content\/uploads\/2026\/04\/Lilibeth-Cardenas_Directora_B-scaled.jpg\" alt=\"Licda. Lilibeth Cardenas \" srcset=\"https:\/\/senniaf.gob.pa\/wp-content\/uploads\/2026\/04\/Lilibeth-Cardenas_Directora_B-200x280.jpg 200w, https:\/\/senniaf.gob.pa\/wp-content\/uploads\/2026\/04\/Lilibeth-Cardenas_Directora_B-400x560.jpg 400w, https:\/\/senniaf.gob.pa\/wp-content\/uploads\/2026\/04\/Lilibeth-Cardenas_Directora_B-600x840.jpg 600w, https:\/\/senniaf.gob.pa\/wp-content\/uploads\/2026\/04\/Lilibeth-Cardenas_Directora_B-800x1120.jpg 800w, https:\/\/senniaf.gob.pa\/wp-content\/uploads\/2026\/04\/Lilibeth-Cardenas_Directora_B-1200x1680.jpg 1200w, https:\/\/senniaf.gob.pa\/wp-content\/uploads\/2026\/04\/Lilibeth-Cardenas_Directora_B-scaled.jpg 1828w\" sizes=\"auto, (max-width: 800px) 100vw, 400px\" \/><\/div><\/div><div class=\"person-desc\"><div class=\"person-author\"><div class=\"person-author-wrapper\"><span class=\"person-name\">Licda. Lilibeth Cardenas <\/span><span class=\"person-title\">Directora General de la Senniaf<\/span><\/div><\/div><div class=\"person-content fusion-clearfix\"><\/div><\/div><\/div><div class=\"fusion-clearfix\"><\/div><\/div><\/div><\/div><div class=\"fusion-aligncenter\"><a class=\"fusion-button button-flat button-xlarge button-custom fusion-button-default button-2 fusion-button-default-span \" style=\"--button_accent_color:#ffffff;--button_accent_hover_color:#ffffff;--button_border_hover_color:#ffffff;--button_gradient_top_color:#114b5f;--button_gradient_bottom_color:#114b5f;--button_gradient_top_color_hover:#607b7d;--button_gradient_bottom_color_hover:#607b7d;\" target=\"_blank\" rel=\"noopener noreferrer\" href=\" https:\/\/www.senniaf.gob.pa\/?page_id=9173\"><span class=\"fusion-button-icon-divider button-icon-divider-left\"><i class=\"fa-download fas\" aria-hidden=\"true\"><\/i><\/span><span class=\"fusion-button-text fusion-button-text-left\">Ver Junta Directiva<\/span><\/a><\/div><div class=\"fusion-clearfix\"><\/div><\/div><\/div><\/div><\/div><div class=\"fusion-fullwidth fullwidth-box fusion-builder-row-3 nonhundred-percent-fullwidth non-hundred-percent-height-scrolling\" style=\"--awb-border-radius-top-left:0px;--awb-border-radius-top-right:0px;--awb-border-radius-bottom-right:0px;--awb-border-radius-bottom-left:0px;--awb-flex-wrap:wrap;\" ><div class=\"fusion-builder-row fusion-row\"><div class=\"fusion-layout-column fusion_builder_column fusion-builder-column-5 fusion_builder_column_1_1 1_1 fusion-one-full fusion-column-first fusion-column-last\" style=\"--awb-bg-size:cover;--awb-margin-bottom:0px;\"><div class=\"fusion-column-wrapper fusion-flex-column-wrapper-legacy\"><div class=\"fusion-text fusion-text-3\"><p><script src=' ' type='text\/javascript'><\/script><\/p>\n<\/div><div class=\"fusion-clearfix\"><\/div><\/div><\/div><\/div><\/div><\/p>\n","protected":false},"excerpt":{"rendered":"","protected":false},"author":1,"featured_media":10298,"parent":0,"menu_order":0,"comment_status":"open","ping_status":"open","template":"","meta":{"_exactmetrics_skip_tracking":false,"_exactmetrics_sitenote_active":false,"_exactmetrics_sitenote_note":"","_exactmetrics_sitenote_category":0,"_monsterinsights_skip_tracking":false,"_monsterinsights_sitenote_active":false,"_monsterinsights_sitenote_note":"","_monsterinsights_sitenote_category":0,"footnotes":""},"class_list":["post-9167","page","type-page","status-publish","has-post-thumbnail","hentry"],"aioseo_notices":[],"_links":{"self":[{"href":"https:\/\/senniaf.gob.pa\/index.php?rest_route=\/wp\/v2\/pages\/9167","targetHints":{"allow":["GET"]}}],"collection":[{"href":"https:\/\/senniaf.gob.pa\/index.php?rest_route=\/wp\/v2\/pages"}],"about":[{"href":"https:\/\/senniaf.gob.pa\/index.php?rest_route=\/wp\/v2\/types\/page"}],"author":[{"embeddable":true,"href":"https:\/\/senniaf.gob.pa\/index.php?rest_route=\/wp\/v2\/users\/1"}],"replies":[{"embeddable":true,"href":"https:\/\/senniaf.gob.pa\/index.php?rest_route=%2Fwp%2Fv2%2Fcomments&post=9167"}],"version-history":[{"count":46,"href":"https:\/\/senniaf.gob.pa\/index.php?rest_route=\/wp\/v2\/pages\/9167\/revisions"}],"predecessor-version":[{"id":22941,"href":"https:\/\/senniaf.gob.pa\/index.php?rest_route=\/wp\/v2\/pages\/9167\/revisions\/22941"}],"wp:featuredmedia":[{"embeddable":true,"href":"https:\/\/senniaf.gob.pa\/index.php?rest_route=\/wp\/v2\/media\/10298"}],"wp:attachment":[{"href":"https:\/\/senniaf.gob.pa\/index.php?rest_route=%2Fwp%2Fv2%2Fmedia&parent=9167"}],"curies":[{"name":"wp","href":"https:\/\/api.w.org\/{rel}","templated":true}]}}