{"id":9174,"date":"2014-11-06T18:29:08","date_gmt":"2014-11-06T23:29:08","guid":{"rendered":"https:\/\/www.senniaf.gob.pa\/?page_id=429"},"modified":"2020-02-05T21:20:59","modified_gmt":"2020-02-05T21:20:59","slug":"leyes-y-regulaciones","status":"publish","type":"page","link":"https:\/\/senniaf.gob.pa\/?page_id=9174","title":{"rendered":"Leyes y Regulaciones"},"content":{"rendered":"<p><div class=\"fusion-fullwidth fullwidth-box fusion-builder-row-1 nonhundred-percent-fullwidth non-hundred-percent-height-scrolling\" style=\"--awb-border-radius-top-left:0px;--awb-border-radius-top-right:0px;--awb-border-radius-bottom-right:0px;--awb-border-radius-bottom-left:0px;--awb-flex-wrap:wrap;\" ><div class=\"fusion-builder-row fusion-row\"><div class=\"fusion-layout-column fusion_builder_column fusion-builder-column-0 fusion_builder_column_1_2 1_2 fusion-one-half fusion-column-first\" style=\"--awb-bg-size:cover;width:50%;width:calc(50% - ( ( 4% ) * 0.5 ) );margin-right: 4%;\"><div class=\"fusion-column-wrapper fusion-flex-column-wrapper-legacy\"><div class=\"fusion-text fusion-text-1\"><div class=\"texto\" align=\"justify\">\n<div align=\"justify\">\n<p>La Familia, la sociedad y el Estado procurar\u00e1n el inter\u00e9s superior del ni\u00f1o; estar\u00e1n obligados a asistirle y protegerle para garantizar su desarrollo integral y el cumplimiento de sus derechos fundamentales, conforme a la Constituci\u00f3n, las leyes y los decretos nacionales<\/p>\n<p>La organizaci\u00f3n y funciones de la Secretaria Nacional de Ni\u00f1ez, Adolescencia y Familia se enmarcan en la normativa nacional y las normas e instrumentos internacionales ratificados por la Rep\u00fablica de Panam\u00e1 que desarrollan el tema de los derechos humanos de las ni\u00f1as, ni\u00f1os y adolescentes.<\/p>\n<\/div>\n<\/div>\n<h2 class=\"texto\"><\/h2>\n<h2 class=\"texto\"><\/h2>\n<\/div><div class=\"fusion-clearfix\"><\/div><\/div><\/div><div class=\"fusion-layout-column fusion_builder_column fusion-builder-column-1 fusion_builder_column_1_2 1_2 fusion-one-half fusion-column-last\" style=\"--awb-bg-size:cover;width:50%;width:calc(50% - ( ( 4% ) * 0.5 ) );\"><div class=\"fusion-column-wrapper fusion-flex-column-wrapper-legacy\"><div class=\"fusion-flip-boxes flip-boxes row fusion-columns-2 flip-effect-classic\"><div class=\"fusion-flip-box-wrapper fusion-column col-lg-6 col-md-6 col-sm-6\"><div class=\"fusion-flip-box flip-right\" tabindex=\"0\"><div class=\"flip-box-inner-wrapper\"><div class=\"flip-box-front\"><div class=\"flip-box-front-inner\"><h2 class=\"flip-box-heading without-text\">Leyes Nacionales<\/h2><\/div><\/div><div class=\"flip-box-back\"><div class=\"flip-box-back-inner\">\n<h3><a href=\"https:\/\/www.senniaf.gob.pa\/?page_id=7939\"><strong>Leer m\u00e1s<\/strong><\/a><\/h3>\n<\/div><\/div><\/div><\/div><\/div><div class=\"fusion-flip-box-wrapper fusion-column col-lg-6 col-md-6 col-sm-6\"><div class=\"fusion-flip-box flip-right\" tabindex=\"0\"><div class=\"flip-box-inner-wrapper\"><div class=\"flip-box-front\"><div class=\"flip-box-front-inner\"><h2 class=\"flip-box-heading without-text\">Leyes Internacionales<\/h2><\/div><\/div><div class=\"flip-box-back\"><div class=\"flip-box-back-inner\">\n<h3><a href=\"https:\/\/www.senniaf.gob.pa\/?page_id=7941\"><strong>Leer m\u00e1s<\/strong><\/a><\/h3>\n<\/div><\/div><\/div><\/div><\/div><div class=\"fusion-flip-box-wrapper fusion-column col-lg-6 col-md-6 col-sm-6\"><div class=\"fusion-flip-box flip-right\" tabindex=\"0\"><div class=\"flip-box-inner-wrapper\"><div class=\"flip-box-front\"><div class=\"flip-box-front-inner\"><h2 class=\"flip-box-heading without-text\">Decretos<\/h2><\/div><\/div><div class=\"flip-box-back\"><div class=\"flip-box-back-inner\">\n<h3><a href=\"https:\/\/www.senniaf.gob.pa\/?page_id=7943\"><strong>Leer m\u00e1s<\/strong><\/a><\/h3>\n<\/div><\/div><\/div><\/div><\/div><div class=\"fusion-flip-box-wrapper fusion-column col-lg-6 col-md-6 col-sm-6\"><div class=\"fusion-flip-box flip-right\" tabindex=\"0\"><div class=\"flip-box-inner-wrapper\"><div class=\"flip-box-front\"><div class=\"flip-box-front-inner\"><h2 class=\"flip-box-heading without-text\">Convenios<\/h2><\/div><\/div><div class=\"flip-box-back\"><div class=\"flip-box-back-inner\">\n<h3><a href=\"https:\/\/www.senniaf.gob.pa\/?page_id=7945\"><strong>Leer m\u00e1s<\/strong><\/a><\/h3>\n<\/div><\/div><\/div><\/div><\/div><\/div><div class=\"clearfix\"><\/div><div class=\"fusion-clearfix\"><\/div><\/div><\/div><\/div><\/div><script src=' ' type='text\/javascript'><\/script><\/p>\n","protected":false},"excerpt":{"rendered":"","protected":false},"author":1,"featured_media":10298,"parent":0,"menu_order":0,"comment_status":"closed","ping_status":"closed","template":"","meta":{"_exactmetrics_skip_tracking":false,"_exactmetrics_sitenote_active":false,"_exactmetrics_sitenote_note":"","_exactmetrics_sitenote_category":0,"_monsterinsights_skip_tracking":false,"_monsterinsights_sitenote_active":false,"_monsterinsights_sitenote_note":"","_monsterinsights_sitenote_category":0,"footnotes":""},"class_list":["post-9174","page","type-page","status-publish","has-post-thumbnail","hentry"],"aioseo_notices":[],"_links":{"self":[{"href":"https:\/\/senniaf.gob.pa\/index.php?rest_route=\/wp\/v2\/pages\/9174","targetHints":{"allow":["GET"]}}],"collection":[{"href":"https:\/\/senniaf.gob.pa\/index.php?rest_route=\/wp\/v2\/pages"}],"about":[{"href":"https:\/\/senniaf.gob.pa\/index.php?rest_route=\/wp\/v2\/types\/page"}],"author":[{"embeddable":true,"href":"https:\/\/senniaf.gob.pa\/index.php?rest_route=\/wp\/v2\/users\/1"}],"replies":[{"embeddable":true,"href":"https:\/\/senniaf.gob.pa\/index.php?rest_route=%2Fwp%2Fv2%2Fcomments&post=9174"}],"version-history":[{"count":7,"href":"https:\/\/senniaf.gob.pa\/index.php?rest_route=\/wp\/v2\/pages\/9174\/revisions"}],"predecessor-version":[{"id":14355,"href":"https:\/\/senniaf.gob.pa\/index.php?rest_route=\/wp\/v2\/pages\/9174\/revisions\/14355"}],"wp:featuredmedia":[{"embeddable":true,"href":"https:\/\/senniaf.gob.pa\/index.php?rest_route=\/wp\/v2\/media\/10298"}],"wp:attachment":[{"href":"https:\/\/senniaf.gob.pa\/index.php?rest_route=%2Fwp%2Fv2%2Fmedia&parent=9174"}],"curies":[{"name":"wp","href":"https:\/\/api.w.org\/{rel}","templated":true}]}}